{"id":2212,"date":"2025-11-03T19:35:14","date_gmt":"2025-11-03T19:35:14","guid":{"rendered":"https:\/\/nueveochentayuno.com\/?post_type=product&#038;p=2212"},"modified":"2025-11-04T21:29:42","modified_gmt":"2025-11-04T21:29:42","slug":"dracorex-hogwartsia","status":"publish","type":"product","link":"https:\/\/nueveochentayuno.com\/en\/product\/dracorex-hogwartsia\/","title":{"rendered":"Dracorex Hogwartsia"},"content":{"rendered":"<p>Pieza realizada a mano en arcilla blanca refractaria, 1250\u00b0C. Decoraci\u00f3n en cocci\u00f3n especial RAKU<\/p>\n<p>La peana de hierro se incluye con la pieza, aunque se puede colocar sin ella<\/p>\n<p>Inspirada en el cr\u00e1neo del Dracorex hogwartsia. La \u00fanica especie del controvertido g\u00e9nero extinto Dracorex de dinosaurio marginoc\u00e9falo paquicefalosaur\u00ednido, que vivi\u00f3 a finales del per\u00edodo Cret\u00e1cico, hace aproximadamente 66 millones de a\u00f1os, en el Maastrichtiense, la actual Norteam\u00e9rica<\/p>\n<p>&nbsp;<\/p>","protected":false},"excerpt":{"rendered":"<p>Escultura cer\u00e1mica decorada con la t\u00e9cnica de raku<\/p>","protected":false},"featured_media":2142,"comment_status":"open","ping_status":"closed","template":"","meta":[],"product_brand":[],"product_cat":[22],"product_tag":[32,100,29,167,28,168,27,33,169],"class_list":{"0":"post-2212","1":"product","2":"type-product","3":"status-publish","4":"has-post-thumbnail","6":"product_cat-escultura-y-decoracion","7":"product_tag-arte","8":"product_tag-artesania","9":"product_tag-ceramica","10":"product_tag-craneo","11":"product_tag-decoracion","12":"product_tag-dinosaurio","13":"product_tag-escultura","14":"product_tag-pieza-unica","15":"product_tag-raku","17":"first","18":"instock","19":"sold-individually","20":"shipping-taxable","21":"purchasable","22":"product-type-simple"},"yoast_head":"<!-- This site is optimized with the Yoast SEO plugin v27.4 - https:\/\/yoast.com\/product\/yoast-seo-wordpress\/ -->\n<title>Dracorex Hogwartsia - Nueveochentayuno Estudio<\/title>\n<meta name=\"robots\" content=\"index, follow, max-snippet:-1, max-image-preview:large, max-video-preview:-1\" \/>\n<link rel=\"canonical\" href=\"https:\/\/nueveochentayuno.com\/en\/product\/dracorex-hogwartsia\/\" \/>\n<meta property=\"og:locale\" content=\"en_GB\" \/>\n<meta property=\"og:type\" content=\"article\" \/>\n<meta property=\"og:title\" content=\"Dracorex Hogwartsia - Nueveochentayuno Estudio\" \/>\n<meta property=\"og:description\" content=\"Escultura cer\u00e1mica decorada con la t\u00e9cnica de raku\" \/>\n<meta property=\"og:url\" content=\"https:\/\/nueveochentayuno.com\/en\/product\/dracorex-hogwartsia\/\" \/>\n<meta property=\"og:site_name\" content=\"Nueveochentayuno Estudio\" \/>\n<meta property=\"article:modified_time\" content=\"2025-11-04T21:29:42+00:00\" \/>\n<meta property=\"og:image\" content=\"https:\/\/nueveochentayuno.com\/wp-content\/uploads\/2025\/11\/KD01.jpg\" \/>\n\t<meta property=\"og:image:width\" content=\"1080\" \/>\n\t<meta property=\"og:image:height\" content=\"1440\" \/>\n\t<meta property=\"og:image:type\" content=\"image\/jpeg\" \/>\n<meta name=\"twitter:card\" content=\"summary_large_image\" \/>\n<meta name=\"twitter:label1\" content=\"Estimated reading time\" \/>\n\t<meta name=\"twitter:data1\" content=\"1 minute\" \/>\n<script type=\"application\/ld+json\" class=\"yoast-schema-graph\">{\"@context\":\"https:\\\/\\\/schema.org\",\"@graph\":[{\"@type\":\"WebPage\",\"@id\":\"https:\\\/\\\/nueveochentayuno.com\\\/producto\\\/dracorex-hogwartsia\\\/\",\"url\":\"https:\\\/\\\/nueveochentayuno.com\\\/producto\\\/dracorex-hogwartsia\\\/\",\"name\":\"Dracorex Hogwartsia - Nueveochentayuno Estudio\",\"isPartOf\":{\"@id\":\"https:\\\/\\\/nueveochentayuno.com\\\/#website\"},\"primaryImageOfPage\":{\"@id\":\"https:\\\/\\\/nueveochentayuno.com\\\/producto\\\/dracorex-hogwartsia\\\/#primaryimage\"},\"image\":{\"@id\":\"https:\\\/\\\/nueveochentayuno.com\\\/producto\\\/dracorex-hogwartsia\\\/#primaryimage\"},\"thumbnailUrl\":\"https:\\\/\\\/nueveochentayuno.com\\\/wp-content\\\/uploads\\\/2025\\\/11\\\/KD01.jpg\",\"datePublished\":\"2025-11-03T19:35:14+00:00\",\"dateModified\":\"2025-11-04T21:29:42+00:00\",\"breadcrumb\":{\"@id\":\"https:\\\/\\\/nueveochentayuno.com\\\/producto\\\/dracorex-hogwartsia\\\/#breadcrumb\"},\"inLanguage\":\"en-GB\",\"potentialAction\":[{\"@type\":\"ReadAction\",\"target\":[\"https:\\\/\\\/nueveochentayuno.com\\\/producto\\\/dracorex-hogwartsia\\\/\"]}]},{\"@type\":\"ImageObject\",\"inLanguage\":\"en-GB\",\"@id\":\"https:\\\/\\\/nueveochentayuno.com\\\/producto\\\/dracorex-hogwartsia\\\/#primaryimage\",\"url\":\"https:\\\/\\\/nueveochentayuno.com\\\/wp-content\\\/uploads\\\/2025\\\/11\\\/KD01.jpg\",\"contentUrl\":\"https:\\\/\\\/nueveochentayuno.com\\\/wp-content\\\/uploads\\\/2025\\\/11\\\/KD01.jpg\",\"width\":1080,\"height\":1440},{\"@type\":\"BreadcrumbList\",\"@id\":\"https:\\\/\\\/nueveochentayuno.com\\\/producto\\\/dracorex-hogwartsia\\\/#breadcrumb\",\"itemListElement\":[{\"@type\":\"ListItem\",\"position\":1,\"name\":\"Portada\",\"item\":\"https:\\\/\\\/nueveochentayuno.com\\\/\"},{\"@type\":\"ListItem\",\"position\":2,\"name\":\"Tienda wordpress\",\"item\":\"https:\\\/\\\/nueveochentayuno.com\\\/tienda-wordpress\\\/\"},{\"@type\":\"ListItem\",\"position\":3,\"name\":\"Dracorex Hogwartsia\"}]},{\"@type\":\"WebSite\",\"@id\":\"https:\\\/\\\/nueveochentayuno.com\\\/#website\",\"url\":\"https:\\\/\\\/nueveochentayuno.com\\\/\",\"name\":\"Nueveochentayuno Estudio\",\"description\":\"Estudio de cer\u00e1mica\",\"publisher\":{\"@id\":\"https:\\\/\\\/nueveochentayuno.com\\\/#organization\"},\"potentialAction\":[{\"@type\":\"SearchAction\",\"target\":{\"@type\":\"EntryPoint\",\"urlTemplate\":\"https:\\\/\\\/nueveochentayuno.com\\\/?s={search_term_string}\"},\"query-input\":{\"@type\":\"PropertyValueSpecification\",\"valueRequired\":true,\"valueName\":\"search_term_string\"}}],\"inLanguage\":\"en-GB\"},{\"@type\":\"Organization\",\"@id\":\"https:\\\/\\\/nueveochentayuno.com\\\/#organization\",\"name\":\"Nueveochentayuno Estudio\",\"url\":\"https:\\\/\\\/nueveochentayuno.com\\\/\",\"logo\":{\"@type\":\"ImageObject\",\"inLanguage\":\"en-GB\",\"@id\":\"https:\\\/\\\/nueveochentayuno.com\\\/#\\\/schema\\\/logo\\\/image\\\/\",\"url\":\"https:\\\/\\\/nueveochentayuno.com\\\/wp-content\\\/uploads\\\/2025\\\/09\\\/cropped-cropped-cropped-Imagen-de-WhatsApp-2024-10-22-a-las-12.54.20_e85df4b0.jpg\",\"contentUrl\":\"https:\\\/\\\/nueveochentayuno.com\\\/wp-content\\\/uploads\\\/2025\\\/09\\\/cropped-cropped-cropped-Imagen-de-WhatsApp-2024-10-22-a-las-12.54.20_e85df4b0.jpg\",\"width\":685,\"height\":1188,\"caption\":\"Nueveochentayuno Estudio\"},\"image\":{\"@id\":\"https:\\\/\\\/nueveochentayuno.com\\\/#\\\/schema\\\/logo\\\/image\\\/\"}}]}<\/script>\n<!-- \/ Yoast SEO plugin. -->","yoast_head_json":{"title":"Dracorex Hogwartsia - Nueveochentayuno Estudio","robots":{"index":"index","follow":"follow","max-snippet":"max-snippet:-1","max-image-preview":"max-image-preview:large","max-video-preview":"max-video-preview:-1"},"canonical":"https:\/\/nueveochentayuno.com\/en\/product\/dracorex-hogwartsia\/","og_locale":"en_GB","og_type":"article","og_title":"Dracorex Hogwartsia - Nueveochentayuno Estudio","og_description":"Escultura cer\u00e1mica decorada con la t\u00e9cnica de raku","og_url":"https:\/\/nueveochentayuno.com\/en\/product\/dracorex-hogwartsia\/","og_site_name":"Nueveochentayuno Estudio","article_modified_time":"2025-11-04T21:29:42+00:00","og_image":[{"width":1080,"height":1440,"url":"https:\/\/nueveochentayuno.com\/wp-content\/uploads\/2025\/11\/KD01.jpg","type":"image\/jpeg"}],"twitter_card":"summary_large_image","twitter_misc":{"Estimated reading time":"1 minute"},"schema":{"@context":"https:\/\/schema.org","@graph":[{"@type":"WebPage","@id":"https:\/\/nueveochentayuno.com\/producto\/dracorex-hogwartsia\/","url":"https:\/\/nueveochentayuno.com\/producto\/dracorex-hogwartsia\/","name":"Dracorex Hogwartsia - Nueveochentayuno Estudio","isPartOf":{"@id":"https:\/\/nueveochentayuno.com\/#website"},"primaryImageOfPage":{"@id":"https:\/\/nueveochentayuno.com\/producto\/dracorex-hogwartsia\/#primaryimage"},"image":{"@id":"https:\/\/nueveochentayuno.com\/producto\/dracorex-hogwartsia\/#primaryimage"},"thumbnailUrl":"https:\/\/nueveochentayuno.com\/wp-content\/uploads\/2025\/11\/KD01.jpg","datePublished":"2025-11-03T19:35:14+00:00","dateModified":"2025-11-04T21:29:42+00:00","breadcrumb":{"@id":"https:\/\/nueveochentayuno.com\/producto\/dracorex-hogwartsia\/#breadcrumb"},"inLanguage":"en-GB","potentialAction":[{"@type":"ReadAction","target":["https:\/\/nueveochentayuno.com\/producto\/dracorex-hogwartsia\/"]}]},{"@type":"ImageObject","inLanguage":"en-GB","@id":"https:\/\/nueveochentayuno.com\/producto\/dracorex-hogwartsia\/#primaryimage","url":"https:\/\/nueveochentayuno.com\/wp-content\/uploads\/2025\/11\/KD01.jpg","contentUrl":"https:\/\/nueveochentayuno.com\/wp-content\/uploads\/2025\/11\/KD01.jpg","width":1080,"height":1440},{"@type":"BreadcrumbList","@id":"https:\/\/nueveochentayuno.com\/producto\/dracorex-hogwartsia\/#breadcrumb","itemListElement":[{"@type":"ListItem","position":1,"name":"Portada","item":"https:\/\/nueveochentayuno.com\/"},{"@type":"ListItem","position":2,"name":"Tienda wordpress","item":"https:\/\/nueveochentayuno.com\/tienda-wordpress\/"},{"@type":"ListItem","position":3,"name":"Dracorex Hogwartsia"}]},{"@type":"WebSite","@id":"https:\/\/nueveochentayuno.com\/#website","url":"https:\/\/nueveochentayuno.com\/","name":"Nueveochentayuno Estudio","description":"Estudio de cer\u00e1mica","publisher":{"@id":"https:\/\/nueveochentayuno.com\/#organization"},"potentialAction":[{"@type":"SearchAction","target":{"@type":"EntryPoint","urlTemplate":"https:\/\/nueveochentayuno.com\/?s={search_term_string}"},"query-input":{"@type":"PropertyValueSpecification","valueRequired":true,"valueName":"search_term_string"}}],"inLanguage":"en-GB"},{"@type":"Organization","@id":"https:\/\/nueveochentayuno.com\/#organization","name":"Nueveochentayuno Estudio","url":"https:\/\/nueveochentayuno.com\/","logo":{"@type":"ImageObject","inLanguage":"en-GB","@id":"https:\/\/nueveochentayuno.com\/#\/schema\/logo\/image\/","url":"https:\/\/nueveochentayuno.com\/wp-content\/uploads\/2025\/09\/cropped-cropped-cropped-Imagen-de-WhatsApp-2024-10-22-a-las-12.54.20_e85df4b0.jpg","contentUrl":"https:\/\/nueveochentayuno.com\/wp-content\/uploads\/2025\/09\/cropped-cropped-cropped-Imagen-de-WhatsApp-2024-10-22-a-las-12.54.20_e85df4b0.jpg","width":685,"height":1188,"caption":"Nueveochentayuno Estudio"},"image":{"@id":"https:\/\/nueveochentayuno.com\/#\/schema\/logo\/image\/"}}]}},"_links":{"self":[{"href":"https:\/\/nueveochentayuno.com\/en\/wp-json\/wp\/v2\/product\/2212","targetHints":{"allow":["GET"]}}],"collection":[{"href":"https:\/\/nueveochentayuno.com\/en\/wp-json\/wp\/v2\/product"}],"about":[{"href":"https:\/\/nueveochentayuno.com\/en\/wp-json\/wp\/v2\/types\/product"}],"replies":[{"embeddable":true,"href":"https:\/\/nueveochentayuno.com\/en\/wp-json\/wp\/v2\/comments?post=2212"}],"wp:featuredmedia":[{"embeddable":true,"href":"https:\/\/nueveochentayuno.com\/en\/wp-json\/wp\/v2\/media\/2142"}],"wp:attachment":[{"href":"https:\/\/nueveochentayuno.com\/en\/wp-json\/wp\/v2\/media?parent=2212"}],"wp:term":[{"taxonomy":"product_brand","embeddable":true,"href":"https:\/\/nueveochentayuno.com\/en\/wp-json\/wp\/v2\/product_brand?post=2212"},{"taxonomy":"product_cat","embeddable":true,"href":"https:\/\/nueveochentayuno.com\/en\/wp-json\/wp\/v2\/product_cat?post=2212"},{"taxonomy":"product_tag","embeddable":true,"href":"https:\/\/nueveochentayuno.com\/en\/wp-json\/wp\/v2\/product_tag?post=2212"}],"curies":[{"name":"wp","href":"https:\/\/api.w.org\/{rel}","templated":true}]}}