{"id":977,"date":"2025-10-20T13:36:04","date_gmt":"2025-10-20T13:36:04","guid":{"rendered":"https:\/\/nueveochentayuno.rkinformatika.online\/?page_id=977"},"modified":"2025-10-20T14:29:18","modified_gmt":"2025-10-20T14:29:18","slug":"gekos","status":"publish","type":"page","link":"https:\/\/nueveochentayuno.com\/en\/gekos\/","title":{"rendered":"Gekos"},"content":{"rendered":"<div data-elementor-type=\"wp-page\" data-elementor-id=\"977\" class=\"elementor elementor-977\" data-elementor-post-type=\"page\">\n\t\t\t\t<div class=\"elementor-element elementor-element-df02818 e-flex e-con-boxed e-con e-parent\" data-id=\"df02818\" data-element_type=\"container\" data-e-type=\"container\" data-settings=\"{&quot;background_background&quot;:&quot;classic&quot;}\">\n\t\t\t\t\t<div class=\"e-con-inner\">\n\t\t<div class=\"elementor-element elementor-element-7b8e6da e-con-full e-flex e-con e-child\" data-id=\"7b8e6da\" data-element_type=\"container\" data-e-type=\"container\">\n\t\t\t\t<div class=\"elementor-element elementor-element-dac3ee4 elementor-widget elementor-widget-heading\" data-id=\"dac3ee4\" data-element_type=\"widget\" data-e-type=\"widget\" data-widget_type=\"heading.default\">\n\t\t\t\t\t<h2 class=\"elementor-heading-title elementor-size-default\">Gekos<\/h2>\t\t\t\t<\/div>\n\t\t\t\t<div class=\"elementor-element elementor-element-d2c43c7 elementor-widget elementor-widget-text-editor\" data-id=\"d2c43c7\" data-element_type=\"widget\" data-e-type=\"widget\" data-widget_type=\"text-editor.default\">\n\t\t\t\t\t\t\t\t\t<p>Cada gecko que nace en el taller es una celebraci\u00f3n de color, detalle y creatividad.\u00a0<\/p><p>Hechos\u00a0completamente a mano, con paciencia y cari\u00f1o. Reflejan la pasi\u00f3n por la forma y la decoraci\u00f3n\u00a0cer\u00e1mica.\u00a0<\/p><p>Son colecciones peque\u00f1as, a las que dedico todo el tiempo que merecen, ya sean grandes y\u00a0detallados o peque\u00f1os y sencillos. Perfectos para dar un toque especial a cualquier rinc\u00f3n,\u00a0especialmente junto a plantas, o para dotar a cualquier ambiente de vida.<\/p>\t\t\t\t\t\t\t\t<\/div>\n\t\t\t\t<\/div>\n\t\t<div class=\"elementor-element elementor-element-73528ba e-con-full e-flex e-con e-child\" data-id=\"73528ba\" data-element_type=\"container\" data-e-type=\"container\">\n\t\t\t\t<div class=\"elementor-element elementor-element-2df2f61 elementor-widget elementor-widget-heading\" data-id=\"2df2f61\" data-element_type=\"widget\" data-e-type=\"widget\" data-widget_type=\"heading.default\">\n\t\t\t\t\t<h2 class=\"elementor-heading-title elementor-size-default\">Detalles, Texturas y colores.<\/h2>\t\t\t\t<\/div>\n\t\t\t\t<div class=\"elementor-element elementor-element-700174c elementor-widget elementor-widget-image\" data-id=\"700174c\" data-element_type=\"widget\" data-e-type=\"widget\" data-widget_type=\"image.default\">\n\t\t\t\t\t\t\t\t\t\t\t\t\t\t\t<img fetchpriority=\"high\" decoding=\"async\" width=\"500\" height=\"500\" src=\"https:\/\/nueveochentayuno.com\/wp-content\/uploads\/2025\/10\/Diseno-sin-titulo-3.png\" class=\"attachment-large size-large wp-image-980\" alt=\"\" srcset=\"https:\/\/nueveochentayuno.com\/wp-content\/uploads\/2025\/10\/Diseno-sin-titulo-3.png 500w, https:\/\/nueveochentayuno.com\/wp-content\/uploads\/2025\/10\/Diseno-sin-titulo-3-300x300.png 300w, https:\/\/nueveochentayuno.com\/wp-content\/uploads\/2025\/10\/Diseno-sin-titulo-3-150x150.png 150w, https:\/\/nueveochentayuno.com\/wp-content\/uploads\/2025\/10\/Diseno-sin-titulo-3-12x12.png 12w, https:\/\/nueveochentayuno.com\/wp-content\/uploads\/2025\/10\/Diseno-sin-titulo-3-100x100.png 100w\" sizes=\"(max-width: 500px) 100vw, 500px\" \/>\t\t\t\t\t\t\t\t\t\t\t\t\t\t\t<\/div>\n\t\t\t\t<div class=\"elementor-element elementor-element-8aa9732 elementor-align-center elementor-widget elementor-widget-button\" data-id=\"8aa9732\" data-element_type=\"widget\" data-e-type=\"widget\" data-widget_type=\"button.default\">\n\t\t\t\t\t\t\t\t\t\t<a class=\"elementor-button elementor-button-link elementor-size-sm\" href=\"https:\/\/nueveochentayuno.com\/en\/product-category\/gekos\/\">\n\t\t\t\t\t\t<span class=\"elementor-button-content-wrapper\">\n\t\t\t\t\t\t\t\t\t<span class=\"elementor-button-text\">Accede a la tienda de Gekos<\/span>\n\t\t\t\t\t<\/span>\n\t\t\t\t\t<\/a>\n\t\t\t\t\t\t\t\t<\/div>\n\t\t\t\t<\/div>\n\t\t\t\t\t<\/div>\n\t\t\t\t<\/div>\n\t\t\t\t<\/div>","protected":false},"excerpt":{"rendered":"<p>Gekos Cada gecko que nace en el taller es una celebraci\u00f3n de color, detalle y creatividad.\u00a0 Hechos\u00a0completamente a mano, con paciencia y cari\u00f1o. Reflejan la pasi\u00f3n por la forma y la decoraci\u00f3n\u00a0cer\u00e1mica.\u00a0 Son colecciones peque\u00f1as, a las que dedico todo el tiempo que merecen, ya sean grandes y\u00a0detallados o peque\u00f1os y sencillos. Perfectos para dar [&hellip;]<\/p>\n","protected":false},"author":1,"featured_media":0,"parent":0,"menu_order":0,"comment_status":"closed","ping_status":"closed","template":"elementor_canvas","meta":{"footnotes":""},"class_list":["post-977","page","type-page","status-publish","hentry"],"yoast_head":"<!-- This site is optimized with the Yoast SEO plugin v27.4 - https:\/\/yoast.com\/product\/yoast-seo-wordpress\/ -->\n<title>Gekos - Nueveochentayuno Estudio<\/title>\n<meta name=\"robots\" content=\"index, follow, max-snippet:-1, max-image-preview:large, max-video-preview:-1\" \/>\n<link rel=\"canonical\" href=\"https:\/\/nueveochentayuno.com\/en\/gekos\/\" \/>\n<meta property=\"og:locale\" content=\"en_GB\" \/>\n<meta property=\"og:type\" content=\"article\" \/>\n<meta property=\"og:title\" content=\"Gekos - Nueveochentayuno Estudio\" \/>\n<meta property=\"og:description\" content=\"Gekos Cada gecko que nace en el taller es una celebraci\u00f3n de color, detalle y creatividad.\u00a0 Hechos\u00a0completamente a mano, con paciencia y cari\u00f1o. Reflejan la pasi\u00f3n por la forma y la decoraci\u00f3n\u00a0cer\u00e1mica.\u00a0 Son colecciones peque\u00f1as, a las que dedico todo el tiempo que merecen, ya sean grandes y\u00a0detallados o peque\u00f1os y sencillos. Perfectos para dar [&hellip;]\" \/>\n<meta property=\"og:url\" content=\"https:\/\/nueveochentayuno.com\/en\/gekos\/\" \/>\n<meta property=\"og:site_name\" content=\"Nueveochentayuno Estudio\" \/>\n<meta property=\"article:modified_time\" content=\"2025-10-20T14:29:18+00:00\" \/>\n<meta property=\"og:image\" content=\"https:\/\/nueveochentayuno.com\/wp-content\/uploads\/2025\/10\/Diseno-sin-titulo-3.png\" \/>\n<meta name=\"twitter:card\" content=\"summary_large_image\" \/>\n<meta name=\"twitter:label1\" content=\"Estimated reading time\" \/>\n\t<meta name=\"twitter:data1\" content=\"1 minute\" \/>\n<script type=\"application\/ld+json\" class=\"yoast-schema-graph\">{\"@context\":\"https:\\\/\\\/schema.org\",\"@graph\":[{\"@type\":\"WebPage\",\"@id\":\"https:\\\/\\\/nueveochentayuno.com\\\/gekos\\\/\",\"url\":\"https:\\\/\\\/nueveochentayuno.com\\\/gekos\\\/\",\"name\":\"Gekos - Nueveochentayuno Estudio\",\"isPartOf\":{\"@id\":\"https:\\\/\\\/nueveochentayuno.com\\\/#website\"},\"primaryImageOfPage\":{\"@id\":\"https:\\\/\\\/nueveochentayuno.com\\\/gekos\\\/#primaryimage\"},\"image\":{\"@id\":\"https:\\\/\\\/nueveochentayuno.com\\\/gekos\\\/#primaryimage\"},\"thumbnailUrl\":\"https:\\\/\\\/nueveochentayuno.com\\\/wp-content\\\/uploads\\\/2025\\\/10\\\/Diseno-sin-titulo-3.png\",\"datePublished\":\"2025-10-20T13:36:04+00:00\",\"dateModified\":\"2025-10-20T14:29:18+00:00\",\"breadcrumb\":{\"@id\":\"https:\\\/\\\/nueveochentayuno.com\\\/gekos\\\/#breadcrumb\"},\"inLanguage\":\"en-GB\",\"potentialAction\":[{\"@type\":\"ReadAction\",\"target\":[\"https:\\\/\\\/nueveochentayuno.com\\\/gekos\\\/\"]}]},{\"@type\":\"ImageObject\",\"inLanguage\":\"en-GB\",\"@id\":\"https:\\\/\\\/nueveochentayuno.com\\\/gekos\\\/#primaryimage\",\"url\":\"https:\\\/\\\/nueveochentayuno.com\\\/wp-content\\\/uploads\\\/2025\\\/10\\\/Diseno-sin-titulo-3.png\",\"contentUrl\":\"https:\\\/\\\/nueveochentayuno.com\\\/wp-content\\\/uploads\\\/2025\\\/10\\\/Diseno-sin-titulo-3.png\"},{\"@type\":\"BreadcrumbList\",\"@id\":\"https:\\\/\\\/nueveochentayuno.com\\\/gekos\\\/#breadcrumb\",\"itemListElement\":[{\"@type\":\"ListItem\",\"position\":1,\"name\":\"Portada\",\"item\":\"https:\\\/\\\/nueveochentayuno.com\\\/\"},{\"@type\":\"ListItem\",\"position\":2,\"name\":\"Gekos\"}]},{\"@type\":\"WebSite\",\"@id\":\"https:\\\/\\\/nueveochentayuno.com\\\/#website\",\"url\":\"https:\\\/\\\/nueveochentayuno.com\\\/\",\"name\":\"Nueveochentayuno Estudio\",\"description\":\"Estudio de cer\u00e1mica\",\"publisher\":{\"@id\":\"https:\\\/\\\/nueveochentayuno.com\\\/#organization\"},\"potentialAction\":[{\"@type\":\"SearchAction\",\"target\":{\"@type\":\"EntryPoint\",\"urlTemplate\":\"https:\\\/\\\/nueveochentayuno.com\\\/?s={search_term_string}\"},\"query-input\":{\"@type\":\"PropertyValueSpecification\",\"valueRequired\":true,\"valueName\":\"search_term_string\"}}],\"inLanguage\":\"en-GB\"},{\"@type\":\"Organization\",\"@id\":\"https:\\\/\\\/nueveochentayuno.com\\\/#organization\",\"name\":\"Nueveochentayuno Estudio\",\"url\":\"https:\\\/\\\/nueveochentayuno.com\\\/\",\"logo\":{\"@type\":\"ImageObject\",\"inLanguage\":\"en-GB\",\"@id\":\"https:\\\/\\\/nueveochentayuno.com\\\/#\\\/schema\\\/logo\\\/image\\\/\",\"url\":\"https:\\\/\\\/nueveochentayuno.com\\\/wp-content\\\/uploads\\\/2025\\\/09\\\/cropped-cropped-cropped-Imagen-de-WhatsApp-2024-10-22-a-las-12.54.20_e85df4b0.jpg\",\"contentUrl\":\"https:\\\/\\\/nueveochentayuno.com\\\/wp-content\\\/uploads\\\/2025\\\/09\\\/cropped-cropped-cropped-Imagen-de-WhatsApp-2024-10-22-a-las-12.54.20_e85df4b0.jpg\",\"width\":685,\"height\":1188,\"caption\":\"Nueveochentayuno Estudio\"},\"image\":{\"@id\":\"https:\\\/\\\/nueveochentayuno.com\\\/#\\\/schema\\\/logo\\\/image\\\/\"}}]}<\/script>\n<!-- \/ Yoast SEO plugin. -->","yoast_head_json":{"title":"Gekos - Nueveochentayuno Estudio","robots":{"index":"index","follow":"follow","max-snippet":"max-snippet:-1","max-image-preview":"max-image-preview:large","max-video-preview":"max-video-preview:-1"},"canonical":"https:\/\/nueveochentayuno.com\/en\/gekos\/","og_locale":"en_GB","og_type":"article","og_title":"Gekos - Nueveochentayuno Estudio","og_description":"Gekos Cada gecko que nace en el taller es una celebraci\u00f3n de color, detalle y creatividad.\u00a0 Hechos\u00a0completamente a mano, con paciencia y cari\u00f1o. Reflejan la pasi\u00f3n por la forma y la decoraci\u00f3n\u00a0cer\u00e1mica.\u00a0 Son colecciones peque\u00f1as, a las que dedico todo el tiempo que merecen, ya sean grandes y\u00a0detallados o peque\u00f1os y sencillos. Perfectos para dar [&hellip;]","og_url":"https:\/\/nueveochentayuno.com\/en\/gekos\/","og_site_name":"Nueveochentayuno Estudio","article_modified_time":"2025-10-20T14:29:18+00:00","og_image":[{"url":"https:\/\/nueveochentayuno.com\/wp-content\/uploads\/2025\/10\/Diseno-sin-titulo-3.png","type":"","width":"","height":""}],"twitter_card":"summary_large_image","twitter_misc":{"Estimated reading time":"1 minute"},"schema":{"@context":"https:\/\/schema.org","@graph":[{"@type":"WebPage","@id":"https:\/\/nueveochentayuno.com\/gekos\/","url":"https:\/\/nueveochentayuno.com\/gekos\/","name":"Gekos - Nueveochentayuno Estudio","isPartOf":{"@id":"https:\/\/nueveochentayuno.com\/#website"},"primaryImageOfPage":{"@id":"https:\/\/nueveochentayuno.com\/gekos\/#primaryimage"},"image":{"@id":"https:\/\/nueveochentayuno.com\/gekos\/#primaryimage"},"thumbnailUrl":"https:\/\/nueveochentayuno.com\/wp-content\/uploads\/2025\/10\/Diseno-sin-titulo-3.png","datePublished":"2025-10-20T13:36:04+00:00","dateModified":"2025-10-20T14:29:18+00:00","breadcrumb":{"@id":"https:\/\/nueveochentayuno.com\/gekos\/#breadcrumb"},"inLanguage":"en-GB","potentialAction":[{"@type":"ReadAction","target":["https:\/\/nueveochentayuno.com\/gekos\/"]}]},{"@type":"ImageObject","inLanguage":"en-GB","@id":"https:\/\/nueveochentayuno.com\/gekos\/#primaryimage","url":"https:\/\/nueveochentayuno.com\/wp-content\/uploads\/2025\/10\/Diseno-sin-titulo-3.png","contentUrl":"https:\/\/nueveochentayuno.com\/wp-content\/uploads\/2025\/10\/Diseno-sin-titulo-3.png"},{"@type":"BreadcrumbList","@id":"https:\/\/nueveochentayuno.com\/gekos\/#breadcrumb","itemListElement":[{"@type":"ListItem","position":1,"name":"Portada","item":"https:\/\/nueveochentayuno.com\/"},{"@type":"ListItem","position":2,"name":"Gekos"}]},{"@type":"WebSite","@id":"https:\/\/nueveochentayuno.com\/#website","url":"https:\/\/nueveochentayuno.com\/","name":"Nueveochentayuno Estudio","description":"Estudio de cer\u00e1mica","publisher":{"@id":"https:\/\/nueveochentayuno.com\/#organization"},"potentialAction":[{"@type":"SearchAction","target":{"@type":"EntryPoint","urlTemplate":"https:\/\/nueveochentayuno.com\/?s={search_term_string}"},"query-input":{"@type":"PropertyValueSpecification","valueRequired":true,"valueName":"search_term_string"}}],"inLanguage":"en-GB"},{"@type":"Organization","@id":"https:\/\/nueveochentayuno.com\/#organization","name":"Nueveochentayuno Estudio","url":"https:\/\/nueveochentayuno.com\/","logo":{"@type":"ImageObject","inLanguage":"en-GB","@id":"https:\/\/nueveochentayuno.com\/#\/schema\/logo\/image\/","url":"https:\/\/nueveochentayuno.com\/wp-content\/uploads\/2025\/09\/cropped-cropped-cropped-Imagen-de-WhatsApp-2024-10-22-a-las-12.54.20_e85df4b0.jpg","contentUrl":"https:\/\/nueveochentayuno.com\/wp-content\/uploads\/2025\/09\/cropped-cropped-cropped-Imagen-de-WhatsApp-2024-10-22-a-las-12.54.20_e85df4b0.jpg","width":685,"height":1188,"caption":"Nueveochentayuno Estudio"},"image":{"@id":"https:\/\/nueveochentayuno.com\/#\/schema\/logo\/image\/"}}]}},"_links":{"self":[{"href":"https:\/\/nueveochentayuno.com\/en\/wp-json\/wp\/v2\/pages\/977","targetHints":{"allow":["GET"]}}],"collection":[{"href":"https:\/\/nueveochentayuno.com\/en\/wp-json\/wp\/v2\/pages"}],"about":[{"href":"https:\/\/nueveochentayuno.com\/en\/wp-json\/wp\/v2\/types\/page"}],"author":[{"embeddable":true,"href":"https:\/\/nueveochentayuno.com\/en\/wp-json\/wp\/v2\/users\/1"}],"replies":[{"embeddable":true,"href":"https:\/\/nueveochentayuno.com\/en\/wp-json\/wp\/v2\/comments?post=977"}],"version-history":[{"count":10,"href":"https:\/\/nueveochentayuno.com\/en\/wp-json\/wp\/v2\/pages\/977\/revisions"}],"predecessor-version":[{"id":1047,"href":"https:\/\/nueveochentayuno.com\/en\/wp-json\/wp\/v2\/pages\/977\/revisions\/1047"}],"wp:attachment":[{"href":"https:\/\/nueveochentayuno.com\/en\/wp-json\/wp\/v2\/media?parent=977"}],"curies":[{"name":"wp","href":"https:\/\/api.w.org\/{rel}","templated":true}]}}