{"id":7,"date":"2025-09-22T15:33:54","date_gmt":"2025-09-22T15:33:54","guid":{"rendered":"https:\/\/nueveochentayuno.rkinformatika.online\/index.php\/carrito\/"},"modified":"2025-10-17T16:12:03","modified_gmt":"2025-10-17T16:12:03","slug":"carrito","status":"publish","type":"page","link":"https:\/\/nueveochentayuno.com\/en\/carrito\/","title":{"rendered":"Carrito"},"content":{"rendered":"<div data-elementor-type=\"wp-page\" data-elementor-id=\"7\" class=\"elementor elementor-7\" data-elementor-post-type=\"page\">\n\t\t\t\t<div class=\"elementor-element elementor-element-ef2fc3a e-flex e-con-boxed e-con e-parent\" data-id=\"ef2fc3a\" data-element_type=\"container\" data-e-type=\"container\">\n\t\t\t\t\t<div class=\"e-con-inner\">\n\t\t\t\t<div class=\"elementor-element elementor-element-8b2a632 elementor-widget elementor-widget-eael-woo-cart\" data-id=\"8b2a632\" data-element_type=\"widget\" data-e-type=\"widget\" data-settings=\"{&quot;eael_woo_cart_components_continue_shopping_icon&quot;:{&quot;value&quot;:&quot;fas fa-chevron-left&quot;,&quot;library&quot;:&quot;fa-solid&quot;}}\" data-widget_type=\"eael-woo-cart.default\">\n\t\t\t\t\t\t\t\t\t<div class=\"eael-woo-cart-wrapper eael-woo-cart-empty eael-woo-default eael-auto-update33\">\n\t\t\t\t<div class=\"woocommerce-notices-wrapper\"><\/div><div class=\"wc-empty-cart-message\">\n\t<div class=\"cart-empty woocommerce-info\" role=\"status\">\n\t\tEn este momento tu carrito est\u00e1 vac\u00edo.\t<\/div>\n<\/div>\t<p class=\"return-to-shop\">\n\t\t<a class=\"button wc-backward\" href=\"https:\/\/nueveochentayuno.com\/en\/tienda-wordpress\/\">\n\t\t\tReturn to shop\t\t<\/a>\n\t<\/p>\n                <\/div>\n\t\t\t\t        <script>document.body.classList.add(\"eael-woo-cart\");<\/script>\n\t\t\t\t\t\t<\/div>\n\t\t\t\t\t<\/div>\n\t\t\t\t<\/div>\n\t\t\t\t<\/div>","protected":false},"excerpt":{"rendered":"<p>Producto Precio Cantidad Total \u00c1gave Viridis 65,00&nbsp;&euro; \u00c1gave Viridis cantidad 130,00&nbsp;&euro; Cup\u00f3n: Aplicar cup\u00f3n Seguir comprando Actualizar carrito Subtotal 130,00&nbsp;&euro; Total 130,00&nbsp;&euro; Proceder al pago<\/p>","protected":false},"author":1,"featured_media":0,"parent":0,"menu_order":0,"comment_status":"closed","ping_status":"closed","template":"elementor_canvas","meta":{"footnotes":""},"class_list":["post-7","page","type-page","status-publish","hentry"],"yoast_head":"<!-- This site is optimized with the Yoast SEO plugin v27.4 - https:\/\/yoast.com\/product\/yoast-seo-wordpress\/ -->\n<title>Carrito - Nueveochentayuno Estudio<\/title>\n<meta name=\"robots\" content=\"index, follow, max-snippet:-1, max-image-preview:large, max-video-preview:-1\" \/>\n<link rel=\"canonical\" href=\"https:\/\/nueveochentayuno.com\/en\/carrito\/\" \/>\n<meta property=\"og:locale\" content=\"en_GB\" \/>\n<meta property=\"og:type\" content=\"article\" \/>\n<meta property=\"og:title\" content=\"Carrito - Nueveochentayuno Estudio\" \/>\n<meta property=\"og:description\" content=\"Producto Precio Cantidad Total \u00c1gave Viridis 65,00&nbsp;&euro; \u00c1gave Viridis cantidad 130,00&nbsp;&euro; Cup\u00f3n: Aplicar cup\u00f3n Seguir comprando Actualizar carrito Subtotal 130,00&nbsp;&euro; Total 130,00&nbsp;&euro; Proceder al pago\" \/>\n<meta property=\"og:url\" content=\"https:\/\/nueveochentayuno.com\/en\/carrito\/\" \/>\n<meta property=\"og:site_name\" content=\"Nueveochentayuno Estudio\" \/>\n<meta property=\"article:modified_time\" content=\"2025-10-17T16:12:03+00:00\" \/>\n<meta property=\"og:image\" content=\"https:\/\/nueveochentayuno.com\/wp-content\/uploads\/2025\/10\/Captura-desde-2025-10-15-16-47-50-300x300.png\" \/>\n<meta name=\"twitter:card\" content=\"summary_large_image\" \/>\n<meta name=\"twitter:label1\" content=\"Estimated reading time\" \/>\n\t<meta name=\"twitter:data1\" content=\"1 minute\" \/>\n<script type=\"application\/ld+json\" class=\"yoast-schema-graph\">{\"@context\":\"https:\\\/\\\/schema.org\",\"@graph\":[{\"@type\":\"WebPage\",\"@id\":\"https:\\\/\\\/nueveochentayuno.com\\\/carrito\\\/\",\"url\":\"https:\\\/\\\/nueveochentayuno.com\\\/carrito\\\/\",\"name\":\"Carrito - Nueveochentayuno Estudio\",\"isPartOf\":{\"@id\":\"https:\\\/\\\/nueveochentayuno.com\\\/#website\"},\"primaryImageOfPage\":{\"@id\":\"https:\\\/\\\/nueveochentayuno.com\\\/carrito\\\/#primaryimage\"},\"image\":{\"@id\":\"https:\\\/\\\/nueveochentayuno.com\\\/carrito\\\/#primaryimage\"},\"thumbnailUrl\":\"https:\\\/\\\/nueveochentayuno.com\\\/wp-content\\\/uploads\\\/2025\\\/10\\\/Captura-desde-2025-10-15-16-47-50-300x300.png\",\"datePublished\":\"2025-09-22T15:33:54+00:00\",\"dateModified\":\"2025-10-17T16:12:03+00:00\",\"breadcrumb\":{\"@id\":\"https:\\\/\\\/nueveochentayuno.com\\\/carrito\\\/#breadcrumb\"},\"inLanguage\":\"en-GB\",\"potentialAction\":[{\"@type\":\"ReadAction\",\"target\":[\"https:\\\/\\\/nueveochentayuno.com\\\/carrito\\\/\"]}]},{\"@type\":\"ImageObject\",\"inLanguage\":\"en-GB\",\"@id\":\"https:\\\/\\\/nueveochentayuno.com\\\/carrito\\\/#primaryimage\",\"url\":\"https:\\\/\\\/nueveochentayuno.com\\\/wp-content\\\/uploads\\\/2025\\\/10\\\/Captura-desde-2025-10-15-16-47-50-300x300.png\",\"contentUrl\":\"https:\\\/\\\/nueveochentayuno.com\\\/wp-content\\\/uploads\\\/2025\\\/10\\\/Captura-desde-2025-10-15-16-47-50-300x300.png\"},{\"@type\":\"BreadcrumbList\",\"@id\":\"https:\\\/\\\/nueveochentayuno.com\\\/carrito\\\/#breadcrumb\",\"itemListElement\":[{\"@type\":\"ListItem\",\"position\":1,\"name\":\"Portada\",\"item\":\"https:\\\/\\\/nueveochentayuno.com\\\/\"},{\"@type\":\"ListItem\",\"position\":2,\"name\":\"Carrito\"}]},{\"@type\":\"WebSite\",\"@id\":\"https:\\\/\\\/nueveochentayuno.com\\\/#website\",\"url\":\"https:\\\/\\\/nueveochentayuno.com\\\/\",\"name\":\"Nueveochentayuno Estudio\",\"description\":\"Estudio de cer\u00e1mica\",\"publisher\":{\"@id\":\"https:\\\/\\\/nueveochentayuno.com\\\/#organization\"},\"potentialAction\":[{\"@type\":\"SearchAction\",\"target\":{\"@type\":\"EntryPoint\",\"urlTemplate\":\"https:\\\/\\\/nueveochentayuno.com\\\/?s={search_term_string}\"},\"query-input\":{\"@type\":\"PropertyValueSpecification\",\"valueRequired\":true,\"valueName\":\"search_term_string\"}}],\"inLanguage\":\"en-GB\"},{\"@type\":\"Organization\",\"@id\":\"https:\\\/\\\/nueveochentayuno.com\\\/#organization\",\"name\":\"Nueveochentayuno Estudio\",\"url\":\"https:\\\/\\\/nueveochentayuno.com\\\/\",\"logo\":{\"@type\":\"ImageObject\",\"inLanguage\":\"en-GB\",\"@id\":\"https:\\\/\\\/nueveochentayuno.com\\\/#\\\/schema\\\/logo\\\/image\\\/\",\"url\":\"https:\\\/\\\/nueveochentayuno.com\\\/wp-content\\\/uploads\\\/2025\\\/09\\\/cropped-cropped-cropped-Imagen-de-WhatsApp-2024-10-22-a-las-12.54.20_e85df4b0.jpg\",\"contentUrl\":\"https:\\\/\\\/nueveochentayuno.com\\\/wp-content\\\/uploads\\\/2025\\\/09\\\/cropped-cropped-cropped-Imagen-de-WhatsApp-2024-10-22-a-las-12.54.20_e85df4b0.jpg\",\"width\":685,\"height\":1188,\"caption\":\"Nueveochentayuno Estudio\"},\"image\":{\"@id\":\"https:\\\/\\\/nueveochentayuno.com\\\/#\\\/schema\\\/logo\\\/image\\\/\"}}]}<\/script>\n<!-- \/ Yoast SEO plugin. -->","yoast_head_json":{"title":"Carrito - Nueveochentayuno Estudio","robots":{"index":"index","follow":"follow","max-snippet":"max-snippet:-1","max-image-preview":"max-image-preview:large","max-video-preview":"max-video-preview:-1"},"canonical":"https:\/\/nueveochentayuno.com\/en\/carrito\/","og_locale":"en_GB","og_type":"article","og_title":"Carrito - Nueveochentayuno Estudio","og_description":"Producto Precio Cantidad Total \u00c1gave Viridis 65,00&nbsp;&euro; \u00c1gave Viridis cantidad 130,00&nbsp;&euro; Cup\u00f3n: Aplicar cup\u00f3n Seguir comprando Actualizar carrito Subtotal 130,00&nbsp;&euro; Total 130,00&nbsp;&euro; Proceder al pago","og_url":"https:\/\/nueveochentayuno.com\/en\/carrito\/","og_site_name":"Nueveochentayuno Estudio","article_modified_time":"2025-10-17T16:12:03+00:00","og_image":[{"url":"https:\/\/nueveochentayuno.com\/wp-content\/uploads\/2025\/10\/Captura-desde-2025-10-15-16-47-50-300x300.png","type":"","width":"","height":""}],"twitter_card":"summary_large_image","twitter_misc":{"Estimated reading time":"1 minute"},"schema":{"@context":"https:\/\/schema.org","@graph":[{"@type":"WebPage","@id":"https:\/\/nueveochentayuno.com\/carrito\/","url":"https:\/\/nueveochentayuno.com\/carrito\/","name":"Carrito - Nueveochentayuno Estudio","isPartOf":{"@id":"https:\/\/nueveochentayuno.com\/#website"},"primaryImageOfPage":{"@id":"https:\/\/nueveochentayuno.com\/carrito\/#primaryimage"},"image":{"@id":"https:\/\/nueveochentayuno.com\/carrito\/#primaryimage"},"thumbnailUrl":"https:\/\/nueveochentayuno.com\/wp-content\/uploads\/2025\/10\/Captura-desde-2025-10-15-16-47-50-300x300.png","datePublished":"2025-09-22T15:33:54+00:00","dateModified":"2025-10-17T16:12:03+00:00","breadcrumb":{"@id":"https:\/\/nueveochentayuno.com\/carrito\/#breadcrumb"},"inLanguage":"en-GB","potentialAction":[{"@type":"ReadAction","target":["https:\/\/nueveochentayuno.com\/carrito\/"]}]},{"@type":"ImageObject","inLanguage":"en-GB","@id":"https:\/\/nueveochentayuno.com\/carrito\/#primaryimage","url":"https:\/\/nueveochentayuno.com\/wp-content\/uploads\/2025\/10\/Captura-desde-2025-10-15-16-47-50-300x300.png","contentUrl":"https:\/\/nueveochentayuno.com\/wp-content\/uploads\/2025\/10\/Captura-desde-2025-10-15-16-47-50-300x300.png"},{"@type":"BreadcrumbList","@id":"https:\/\/nueveochentayuno.com\/carrito\/#breadcrumb","itemListElement":[{"@type":"ListItem","position":1,"name":"Portada","item":"https:\/\/nueveochentayuno.com\/"},{"@type":"ListItem","position":2,"name":"Carrito"}]},{"@type":"WebSite","@id":"https:\/\/nueveochentayuno.com\/#website","url":"https:\/\/nueveochentayuno.com\/","name":"Nueveochentayuno Estudio","description":"Estudio de cer\u00e1mica","publisher":{"@id":"https:\/\/nueveochentayuno.com\/#organization"},"potentialAction":[{"@type":"SearchAction","target":{"@type":"EntryPoint","urlTemplate":"https:\/\/nueveochentayuno.com\/?s={search_term_string}"},"query-input":{"@type":"PropertyValueSpecification","valueRequired":true,"valueName":"search_term_string"}}],"inLanguage":"en-GB"},{"@type":"Organization","@id":"https:\/\/nueveochentayuno.com\/#organization","name":"Nueveochentayuno Estudio","url":"https:\/\/nueveochentayuno.com\/","logo":{"@type":"ImageObject","inLanguage":"en-GB","@id":"https:\/\/nueveochentayuno.com\/#\/schema\/logo\/image\/","url":"https:\/\/nueveochentayuno.com\/wp-content\/uploads\/2025\/09\/cropped-cropped-cropped-Imagen-de-WhatsApp-2024-10-22-a-las-12.54.20_e85df4b0.jpg","contentUrl":"https:\/\/nueveochentayuno.com\/wp-content\/uploads\/2025\/09\/cropped-cropped-cropped-Imagen-de-WhatsApp-2024-10-22-a-las-12.54.20_e85df4b0.jpg","width":685,"height":1188,"caption":"Nueveochentayuno Estudio"},"image":{"@id":"https:\/\/nueveochentayuno.com\/#\/schema\/logo\/image\/"}}]}},"_links":{"self":[{"href":"https:\/\/nueveochentayuno.com\/en\/wp-json\/wp\/v2\/pages\/7","targetHints":{"allow":["GET"]}}],"collection":[{"href":"https:\/\/nueveochentayuno.com\/en\/wp-json\/wp\/v2\/pages"}],"about":[{"href":"https:\/\/nueveochentayuno.com\/en\/wp-json\/wp\/v2\/types\/page"}],"author":[{"embeddable":true,"href":"https:\/\/nueveochentayuno.com\/en\/wp-json\/wp\/v2\/users\/1"}],"replies":[{"embeddable":true,"href":"https:\/\/nueveochentayuno.com\/en\/wp-json\/wp\/v2\/comments?post=7"}],"version-history":[{"count":7,"href":"https:\/\/nueveochentayuno.com\/en\/wp-json\/wp\/v2\/pages\/7\/revisions"}],"predecessor-version":[{"id":833,"href":"https:\/\/nueveochentayuno.com\/en\/wp-json\/wp\/v2\/pages\/7\/revisions\/833"}],"wp:attachment":[{"href":"https:\/\/nueveochentayuno.com\/en\/wp-json\/wp\/v2\/media?parent=7"}],"curies":[{"name":"wp","href":"https:\/\/api.w.org\/{rel}","templated":true}]}}