{"id":604,"date":"2025-10-15T11:19:33","date_gmt":"2025-10-15T11:19:33","guid":{"rendered":"https:\/\/nueveochentayuno.rkinformatika.online\/?page_id=604"},"modified":"2025-10-31T15:00:38","modified_gmt":"2025-10-31T15:00:38","slug":"encargos-lancome-perfumes-y-cosmeticos-de-lujo","status":"publish","type":"page","link":"https:\/\/nueveochentayuno.com\/en\/encargos-lancome-perfumes-y-cosmeticos-de-lujo\/","title":{"rendered":"Encargos &#8211; Lanc\u00f4me, perfumes y cosm\u00e9ticos de lujo"},"content":{"rendered":"<div data-elementor-type=\"wp-page\" data-elementor-id=\"604\" class=\"elementor elementor-604\" data-elementor-post-type=\"page\">\n\t\t\t\t<div class=\"elementor-element elementor-element-f9ef849 e-flex e-con-boxed e-con e-parent\" data-id=\"f9ef849\" data-element_type=\"container\" data-e-type=\"container\">\n\t\t\t\t\t<div class=\"e-con-inner\">\n\t\t\t\t<div class=\"elementor-element elementor-element-36ee091 elementor-widget elementor-widget-heading\" data-id=\"36ee091\" data-element_type=\"widget\" data-e-type=\"widget\" data-widget_type=\"heading.default\">\n\t\t\t\t\t<h2 class=\"elementor-heading-title elementor-size-default\">LANC\u00d4ME, perfumes y cosm\u00e9ticos de lujo<\/h2>\t\t\t\t<\/div>\n\t\t\t\t<div class=\"elementor-element elementor-element-45b2d54 elementor-widget elementor-widget-text-editor\" data-id=\"45b2d54\" data-element_type=\"widget\" data-e-type=\"widget\" data-widget_type=\"text-editor.default\">\n\t\t\t\t\t\t\t\t\t<p>Nos contactan desde la empresa de marketing de Lanc\u00f4me para realizar unas piezas de cer\u00e1mica como difusores para una<br \/>nueva fragancia. Entre varios dise\u00f1os y tama\u00f1os acabamos escogiendo un peque\u00f1o cubo, sencillo, con su reconocida rosa<br \/>y que recuerda al tap\u00f3n de su famoso perfume &#8216;La vie est belle&#8217;. Las piezas se usan para empapar los nuevos olores y que<br \/>perduren en la cer\u00e1mica.<\/p>\t\t\t\t\t\t\t\t<\/div>\n\t\t\t\t\t<\/div>\n\t\t\t\t<\/div>\n\t\t<div class=\"elementor-element elementor-element-a5b80f9 e-grid e-con-boxed e-con e-parent\" data-id=\"a5b80f9\" data-element_type=\"container\" data-e-type=\"container\">\n\t\t\t\t\t<div class=\"e-con-inner\">\n\t\t\t\t<div class=\"elementor-element elementor-element-1fb7ffc elementor-widget elementor-widget-image\" data-id=\"1fb7ffc\" data-element_type=\"widget\" data-e-type=\"widget\" data-widget_type=\"image.default\">\n\t\t\t\t\t\t\t\t\t\t\t\t<figure class=\"wp-caption\">\n\t\t\t\t\t\t\t\t\t\t\t<a href=\"https:\/\/nueveochentayuno.com\/wp-content\/uploads\/2025\/10\/001-3.jpg\" data-elementor-open-lightbox=\"yes\" data-elementor-lightbox-title=\"Uno de los moldes que usamos para hacer las piezas. Debido al n\u00famero de piezas que ten\u00edamos que hacer y al tiempo limitado del que dispon\u00edamos tuvimos que realizar varios moldes para sacar las piezas a tiempo\" data-e-action-hash=\"#elementor-action%3Aaction%3Dlightbox%26settings%3DeyJpZCI6MTY0MiwidXJsIjoiaHR0cHM6XC9cL251ZXZlb2NoZW50YXl1bm8uY29tXC93cC1jb250ZW50XC91cGxvYWRzXC8yMDI1XC8xMFwvMDAxLTMuanBnIn0%3D\">\n\t\t\t\t\t\t\t<img fetchpriority=\"high\" decoding=\"async\" width=\"768\" height=\"1024\" src=\"https:\/\/nueveochentayuno.com\/wp-content\/uploads\/2025\/10\/001-3-768x1024.jpg\" class=\"attachment-large size-large wp-image-1642\" alt=\"\" srcset=\"https:\/\/nueveochentayuno.com\/wp-content\/uploads\/2025\/10\/001-3-768x1024.jpg 768w, https:\/\/nueveochentayuno.com\/wp-content\/uploads\/2025\/10\/001-3-225x300.jpg 225w, https:\/\/nueveochentayuno.com\/wp-content\/uploads\/2025\/10\/001-3-9x12.jpg 9w, https:\/\/nueveochentayuno.com\/wp-content\/uploads\/2025\/10\/001-3-600x800.jpg 600w, https:\/\/nueveochentayuno.com\/wp-content\/uploads\/2025\/10\/001-3.jpg 1080w\" sizes=\"(max-width: 768px) 100vw, 768px\" \/>\t\t\t\t\t\t\t\t<\/a>\n\t\t\t\t\t\t\t\t\t\t\t<figcaption class=\"widget-image-caption wp-caption-text\">Uno de los moldes que usamos para hacer las piezas. Debido al n\u00famero de piezas que ten\u00edamos que hacer y al tiempo limitado del que dispon\u00edamos tuvimos que realizar varios moldes para sacar las piezas a tiempo<\/figcaption>\n\t\t\t\t\t\t\t\t\t\t<\/figure>\n\t\t\t\t\t\t\t\t\t<\/div>\n\t\t\t\t<div class=\"elementor-element elementor-element-e246232 elementor-widget elementor-widget-image\" data-id=\"e246232\" data-element_type=\"widget\" data-e-type=\"widget\" data-widget_type=\"image.default\">\n\t\t\t\t\t\t\t\t\t\t\t\t<figure class=\"wp-caption\">\n\t\t\t\t\t\t\t\t\t\t\t<a href=\"https:\/\/nueveochentayuno.com\/wp-content\/uploads\/2025\/10\/002-3.jpg\" data-elementor-open-lightbox=\"yes\" data-elementor-lightbox-title=\"Un grupo de piezas y uno de los moldes usados. El relieve original de la rosa era casi imperceptible y con cada reproducci\u00f3n se desgastaba un poco. Tuvimos que repasar tallando en varias ocasiones las rosas de nuestros cubitos\" data-e-action-hash=\"#elementor-action%3Aaction%3Dlightbox%26settings%3DeyJpZCI6MTY0MywidXJsIjoiaHR0cHM6XC9cL251ZXZlb2NoZW50YXl1bm8uY29tXC93cC1jb250ZW50XC91cGxvYWRzXC8yMDI1XC8xMFwvMDAyLTMuanBnIn0%3D\">\n\t\t\t\t\t\t\t<img decoding=\"async\" width=\"768\" height=\"1024\" src=\"https:\/\/nueveochentayuno.com\/wp-content\/uploads\/2025\/10\/002-3-768x1024.jpg\" class=\"attachment-large size-large wp-image-1643\" alt=\"\" srcset=\"https:\/\/nueveochentayuno.com\/wp-content\/uploads\/2025\/10\/002-3-768x1024.jpg 768w, https:\/\/nueveochentayuno.com\/wp-content\/uploads\/2025\/10\/002-3-225x300.jpg 225w, https:\/\/nueveochentayuno.com\/wp-content\/uploads\/2025\/10\/002-3-9x12.jpg 9w, https:\/\/nueveochentayuno.com\/wp-content\/uploads\/2025\/10\/002-3-600x800.jpg 600w, https:\/\/nueveochentayuno.com\/wp-content\/uploads\/2025\/10\/002-3.jpg 1080w\" sizes=\"(max-width: 768px) 100vw, 768px\" \/>\t\t\t\t\t\t\t\t<\/a>\n\t\t\t\t\t\t\t\t\t\t\t<figcaption class=\"widget-image-caption wp-caption-text\">Un grupo de piezas y uno de los moldes usados. El relieve original de la rosa era casi imperceptible y con cada reproducci\u00f3n se desgastaba un poco. Tuvimos que repasar tallando en varias ocasiones las rosas de nuestros cubitos<\/figcaption>\n\t\t\t\t\t\t\t\t\t\t<\/figure>\n\t\t\t\t\t\t\t\t\t<\/div>\n\t\t\t\t<div class=\"elementor-element elementor-element-966ac4a elementor-widget elementor-widget-image\" data-id=\"966ac4a\" data-element_type=\"widget\" data-e-type=\"widget\" data-widget_type=\"image.default\">\n\t\t\t\t\t\t\t\t\t\t\t\t<figure class=\"wp-caption\">\n\t\t\t\t\t\t\t\t\t\t\t<a href=\"https:\/\/nueveochentayuno.com\/wp-content\/uploads\/2025\/10\/003-3.jpg\" data-elementor-open-lightbox=\"yes\" data-elementor-lightbox-title=\"Una vez secas las piezas las lijamos para conseguir una superficie pulida y lo m\u00e1s definida posible\" data-e-action-hash=\"#elementor-action%3Aaction%3Dlightbox%26settings%3DeyJpZCI6MTY0NywidXJsIjoiaHR0cHM6XC9cL251ZXZlb2NoZW50YXl1bm8uY29tXC93cC1jb250ZW50XC91cGxvYWRzXC8yMDI1XC8xMFwvMDAzLTMuanBnIn0%3D\">\n\t\t\t\t\t\t\t<img decoding=\"async\" width=\"768\" height=\"1024\" src=\"https:\/\/nueveochentayuno.com\/wp-content\/uploads\/2025\/10\/003-3-768x1024.jpg\" class=\"attachment-large size-large wp-image-1647\" alt=\"\" srcset=\"https:\/\/nueveochentayuno.com\/wp-content\/uploads\/2025\/10\/003-3-768x1024.jpg 768w, https:\/\/nueveochentayuno.com\/wp-content\/uploads\/2025\/10\/003-3-225x300.jpg 225w, https:\/\/nueveochentayuno.com\/wp-content\/uploads\/2025\/10\/003-3-9x12.jpg 9w, https:\/\/nueveochentayuno.com\/wp-content\/uploads\/2025\/10\/003-3-600x800.jpg 600w, https:\/\/nueveochentayuno.com\/wp-content\/uploads\/2025\/10\/003-3.jpg 1080w\" sizes=\"(max-width: 768px) 100vw, 768px\" \/>\t\t\t\t\t\t\t\t<\/a>\n\t\t\t\t\t\t\t\t\t\t\t<figcaption class=\"widget-image-caption wp-caption-text\">Una vez secas las piezas las lijamos para conseguir una superficie pulida y lo m\u00e1s definida posible<\/figcaption>\n\t\t\t\t\t\t\t\t\t\t<\/figure>\n\t\t\t\t\t\t\t\t\t<\/div>\n\t\t\t\t<div class=\"elementor-element elementor-element-0effb83 elementor-widget elementor-widget-image\" data-id=\"0effb83\" data-element_type=\"widget\" data-e-type=\"widget\" data-widget_type=\"image.default\">\n\t\t\t\t\t\t\t\t\t\t\t\t<figure class=\"wp-caption\">\n\t\t\t\t\t\t\t\t\t\t\t<a href=\"https:\/\/nueveochentayuno.com\/wp-content\/uploads\/2025\/10\/004-5.jpg\" data-elementor-open-lightbox=\"yes\" data-elementor-lightbox-title=\"Los cubitos son peque\u00f1os! Aqu\u00ed se nota, junto con la mano que los sostiene, las dimensiones de la pieza\" data-e-action-hash=\"#elementor-action%3Aaction%3Dlightbox%26settings%3DeyJpZCI6MTY0OCwidXJsIjoiaHR0cHM6XC9cL251ZXZlb2NoZW50YXl1bm8uY29tXC93cC1jb250ZW50XC91cGxvYWRzXC8yMDI1XC8xMFwvMDA0LTUuanBnIn0%3D\">\n\t\t\t\t\t\t\t<img loading=\"lazy\" decoding=\"async\" width=\"768\" height=\"1024\" src=\"https:\/\/nueveochentayuno.com\/wp-content\/uploads\/2025\/10\/004-5-768x1024.jpg\" class=\"attachment-large size-large wp-image-1648\" alt=\"\" srcset=\"https:\/\/nueveochentayuno.com\/wp-content\/uploads\/2025\/10\/004-5-768x1024.jpg 768w, https:\/\/nueveochentayuno.com\/wp-content\/uploads\/2025\/10\/004-5-225x300.jpg 225w, https:\/\/nueveochentayuno.com\/wp-content\/uploads\/2025\/10\/004-5-9x12.jpg 9w, https:\/\/nueveochentayuno.com\/wp-content\/uploads\/2025\/10\/004-5-600x800.jpg 600w, https:\/\/nueveochentayuno.com\/wp-content\/uploads\/2025\/10\/004-5.jpg 1080w\" sizes=\"(max-width: 768px) 100vw, 768px\" \/>\t\t\t\t\t\t\t\t<\/a>\n\t\t\t\t\t\t\t\t\t\t\t<figcaption class=\"widget-image-caption wp-caption-text\">Los cubitos son peque\u00f1os! Aqu\u00ed se nota, junto con la mano que los sostiene, las dimensiones de la pieza<\/figcaption>\n\t\t\t\t\t\t\t\t\t\t<\/figure>\n\t\t\t\t\t\t\t\t\t<\/div>\n\t\t\t\t<div class=\"elementor-element elementor-element-efe1206 elementor-widget elementor-widget-image\" data-id=\"efe1206\" data-element_type=\"widget\" data-e-type=\"widget\" data-widget_type=\"image.default\">\n\t\t\t\t\t\t\t\t\t\t\t\t<figure class=\"wp-caption\">\n\t\t\t\t\t\t\t\t\t\t\t<a href=\"https:\/\/nueveochentayuno.com\/wp-content\/uploads\/2025\/10\/005-4.jpg\" data-elementor-open-lightbox=\"yes\" data-elementor-lightbox-title=\"Varios de los cubitos acabados, cocidos y listos para perfumarse!\" data-e-action-hash=\"#elementor-action%3Aaction%3Dlightbox%26settings%3DeyJpZCI6MTY0OSwidXJsIjoiaHR0cHM6XC9cL251ZXZlb2NoZW50YXl1bm8uY29tXC93cC1jb250ZW50XC91cGxvYWRzXC8yMDI1XC8xMFwvMDA1LTQuanBnIn0%3D\">\n\t\t\t\t\t\t\t<img loading=\"lazy\" decoding=\"async\" width=\"768\" height=\"1024\" src=\"https:\/\/nueveochentayuno.com\/wp-content\/uploads\/2025\/10\/005-4-768x1024.jpg\" class=\"attachment-large size-large wp-image-1649\" alt=\"\" srcset=\"https:\/\/nueveochentayuno.com\/wp-content\/uploads\/2025\/10\/005-4-768x1024.jpg 768w, https:\/\/nueveochentayuno.com\/wp-content\/uploads\/2025\/10\/005-4-225x300.jpg 225w, https:\/\/nueveochentayuno.com\/wp-content\/uploads\/2025\/10\/005-4-9x12.jpg 9w, https:\/\/nueveochentayuno.com\/wp-content\/uploads\/2025\/10\/005-4-600x800.jpg 600w, https:\/\/nueveochentayuno.com\/wp-content\/uploads\/2025\/10\/005-4.jpg 1080w\" sizes=\"(max-width: 768px) 100vw, 768px\" \/>\t\t\t\t\t\t\t\t<\/a>\n\t\t\t\t\t\t\t\t\t\t\t<figcaption class=\"widget-image-caption wp-caption-text\">Varios de los cubitos acabados, cocidos y listos para perfumarse!<\/figcaption>\n\t\t\t\t\t\t\t\t\t\t<\/figure>\n\t\t\t\t\t\t\t\t\t<\/div>\n\t\t\t\t\t<\/div>\n\t\t\t\t<\/div>\n\t\t\t\t<\/div>","protected":false},"excerpt":{"rendered":"<p>LANC\u00d4ME, perfumes y cosm\u00e9ticos de lujo Nos contactan desde la empresa de marketing de Lanc\u00f4me para realizar unas piezas de cer\u00e1mica como difusores para unanueva fragancia. Entre varios dise\u00f1os y tama\u00f1os acabamos escogiendo un peque\u00f1o cubo, sencillo, con su reconocida rosay que recuerda al tap\u00f3n de su famoso perfume &#8216;La vie est belle&#8217;. Las piezas [&hellip;]<\/p>\n","protected":false},"author":1,"featured_media":0,"parent":0,"menu_order":0,"comment_status":"closed","ping_status":"closed","template":"elementor_canvas","meta":{"footnotes":""},"class_list":["post-604","page","type-page","status-publish","hentry"],"yoast_head":"<!-- This site is optimized with the Yoast SEO plugin v27.4 - https:\/\/yoast.com\/product\/yoast-seo-wordpress\/ -->\n<title>Encargos - Lanc\u00f4me, perfumes y cosm\u00e9ticos de lujo - Nueveochentayuno Estudio<\/title>\n<meta name=\"robots\" content=\"index, follow, max-snippet:-1, max-image-preview:large, max-video-preview:-1\" \/>\n<link rel=\"canonical\" href=\"https:\/\/nueveochentayuno.com\/en\/encargos-lancome-perfumes-y-cosmeticos-de-lujo\/\" \/>\n<meta property=\"og:locale\" content=\"en_GB\" \/>\n<meta property=\"og:type\" content=\"article\" \/>\n<meta property=\"og:title\" content=\"Encargos - Lanc\u00f4me, perfumes y cosm\u00e9ticos de lujo - Nueveochentayuno Estudio\" \/>\n<meta property=\"og:description\" content=\"LANC\u00d4ME, perfumes y cosm\u00e9ticos de lujo Nos contactan desde la empresa de marketing de Lanc\u00f4me para realizar unas piezas de cer\u00e1mica como difusores para unanueva fragancia. Entre varios dise\u00f1os y tama\u00f1os acabamos escogiendo un peque\u00f1o cubo, sencillo, con su reconocida rosay que recuerda al tap\u00f3n de su famoso perfume &#8216;La vie est belle&#8217;. Las piezas [&hellip;]\" \/>\n<meta property=\"og:url\" content=\"https:\/\/nueveochentayuno.com\/en\/encargos-lancome-perfumes-y-cosmeticos-de-lujo\/\" \/>\n<meta property=\"og:site_name\" content=\"Nueveochentayuno Estudio\" \/>\n<meta property=\"article:modified_time\" content=\"2025-10-31T15:00:38+00:00\" \/>\n<meta property=\"og:image\" content=\"https:\/\/nueveochentayuno.com\/wp-content\/uploads\/2025\/10\/001-3.jpg\" \/>\n\t<meta property=\"og:image:width\" content=\"1080\" \/>\n\t<meta property=\"og:image:height\" content=\"1440\" \/>\n\t<meta property=\"og:image:type\" content=\"image\/jpeg\" \/>\n<meta name=\"twitter:card\" content=\"summary_large_image\" \/>\n<meta name=\"twitter:label1\" content=\"Estimated reading time\" \/>\n\t<meta name=\"twitter:data1\" content=\"2 minutes\" \/>\n<script type=\"application\/ld+json\" class=\"yoast-schema-graph\">{\"@context\":\"https:\\\/\\\/schema.org\",\"@graph\":[{\"@type\":\"WebPage\",\"@id\":\"https:\\\/\\\/nueveochentayuno.com\\\/encargos-lancome-perfumes-y-cosmeticos-de-lujo\\\/\",\"url\":\"https:\\\/\\\/nueveochentayuno.com\\\/encargos-lancome-perfumes-y-cosmeticos-de-lujo\\\/\",\"name\":\"Encargos - Lanc\u00f4me, perfumes y cosm\u00e9ticos de lujo - Nueveochentayuno Estudio\",\"isPartOf\":{\"@id\":\"https:\\\/\\\/nueveochentayuno.com\\\/#website\"},\"primaryImageOfPage\":{\"@id\":\"https:\\\/\\\/nueveochentayuno.com\\\/encargos-lancome-perfumes-y-cosmeticos-de-lujo\\\/#primaryimage\"},\"image\":{\"@id\":\"https:\\\/\\\/nueveochentayuno.com\\\/encargos-lancome-perfumes-y-cosmeticos-de-lujo\\\/#primaryimage\"},\"thumbnailUrl\":\"https:\\\/\\\/nueveochentayuno.com\\\/wp-content\\\/uploads\\\/2025\\\/10\\\/001-3-768x1024.jpg\",\"datePublished\":\"2025-10-15T11:19:33+00:00\",\"dateModified\":\"2025-10-31T15:00:38+00:00\",\"breadcrumb\":{\"@id\":\"https:\\\/\\\/nueveochentayuno.com\\\/encargos-lancome-perfumes-y-cosmeticos-de-lujo\\\/#breadcrumb\"},\"inLanguage\":\"en-GB\",\"potentialAction\":[{\"@type\":\"ReadAction\",\"target\":[\"https:\\\/\\\/nueveochentayuno.com\\\/encargos-lancome-perfumes-y-cosmeticos-de-lujo\\\/\"]}]},{\"@type\":\"ImageObject\",\"inLanguage\":\"en-GB\",\"@id\":\"https:\\\/\\\/nueveochentayuno.com\\\/encargos-lancome-perfumes-y-cosmeticos-de-lujo\\\/#primaryimage\",\"url\":\"https:\\\/\\\/nueveochentayuno.com\\\/wp-content\\\/uploads\\\/2025\\\/10\\\/001-3-768x1024.jpg\",\"contentUrl\":\"https:\\\/\\\/nueveochentayuno.com\\\/wp-content\\\/uploads\\\/2025\\\/10\\\/001-3-768x1024.jpg\"},{\"@type\":\"BreadcrumbList\",\"@id\":\"https:\\\/\\\/nueveochentayuno.com\\\/encargos-lancome-perfumes-y-cosmeticos-de-lujo\\\/#breadcrumb\",\"itemListElement\":[{\"@type\":\"ListItem\",\"position\":1,\"name\":\"Portada\",\"item\":\"https:\\\/\\\/nueveochentayuno.com\\\/\"},{\"@type\":\"ListItem\",\"position\":2,\"name\":\"Encargos &#8211; Lanc\u00f4me, perfumes y cosm\u00e9ticos de lujo\"}]},{\"@type\":\"WebSite\",\"@id\":\"https:\\\/\\\/nueveochentayuno.com\\\/#website\",\"url\":\"https:\\\/\\\/nueveochentayuno.com\\\/\",\"name\":\"Nueveochentayuno Estudio\",\"description\":\"Estudio de cer\u00e1mica\",\"publisher\":{\"@id\":\"https:\\\/\\\/nueveochentayuno.com\\\/#organization\"},\"potentialAction\":[{\"@type\":\"SearchAction\",\"target\":{\"@type\":\"EntryPoint\",\"urlTemplate\":\"https:\\\/\\\/nueveochentayuno.com\\\/?s={search_term_string}\"},\"query-input\":{\"@type\":\"PropertyValueSpecification\",\"valueRequired\":true,\"valueName\":\"search_term_string\"}}],\"inLanguage\":\"en-GB\"},{\"@type\":\"Organization\",\"@id\":\"https:\\\/\\\/nueveochentayuno.com\\\/#organization\",\"name\":\"Nueveochentayuno Estudio\",\"url\":\"https:\\\/\\\/nueveochentayuno.com\\\/\",\"logo\":{\"@type\":\"ImageObject\",\"inLanguage\":\"en-GB\",\"@id\":\"https:\\\/\\\/nueveochentayuno.com\\\/#\\\/schema\\\/logo\\\/image\\\/\",\"url\":\"https:\\\/\\\/nueveochentayuno.com\\\/wp-content\\\/uploads\\\/2025\\\/09\\\/cropped-cropped-cropped-Imagen-de-WhatsApp-2024-10-22-a-las-12.54.20_e85df4b0.jpg\",\"contentUrl\":\"https:\\\/\\\/nueveochentayuno.com\\\/wp-content\\\/uploads\\\/2025\\\/09\\\/cropped-cropped-cropped-Imagen-de-WhatsApp-2024-10-22-a-las-12.54.20_e85df4b0.jpg\",\"width\":685,\"height\":1188,\"caption\":\"Nueveochentayuno Estudio\"},\"image\":{\"@id\":\"https:\\\/\\\/nueveochentayuno.com\\\/#\\\/schema\\\/logo\\\/image\\\/\"}}]}<\/script>\n<!-- \/ Yoast SEO plugin. -->","yoast_head_json":{"title":"Encargos - Lanc\u00f4me, perfumes y cosm\u00e9ticos de lujo - Nueveochentayuno Estudio","robots":{"index":"index","follow":"follow","max-snippet":"max-snippet:-1","max-image-preview":"max-image-preview:large","max-video-preview":"max-video-preview:-1"},"canonical":"https:\/\/nueveochentayuno.com\/en\/encargos-lancome-perfumes-y-cosmeticos-de-lujo\/","og_locale":"en_GB","og_type":"article","og_title":"Encargos - Lanc\u00f4me, perfumes y cosm\u00e9ticos de lujo - Nueveochentayuno Estudio","og_description":"LANC\u00d4ME, perfumes y cosm\u00e9ticos de lujo Nos contactan desde la empresa de marketing de Lanc\u00f4me para realizar unas piezas de cer\u00e1mica como difusores para unanueva fragancia. Entre varios dise\u00f1os y tama\u00f1os acabamos escogiendo un peque\u00f1o cubo, sencillo, con su reconocida rosay que recuerda al tap\u00f3n de su famoso perfume &#8216;La vie est belle&#8217;. Las piezas [&hellip;]","og_url":"https:\/\/nueveochentayuno.com\/en\/encargos-lancome-perfumes-y-cosmeticos-de-lujo\/","og_site_name":"Nueveochentayuno Estudio","article_modified_time":"2025-10-31T15:00:38+00:00","og_image":[{"width":1080,"height":1440,"url":"https:\/\/nueveochentayuno.com\/wp-content\/uploads\/2025\/10\/001-3.jpg","type":"image\/jpeg"}],"twitter_card":"summary_large_image","twitter_misc":{"Estimated reading time":"2 minutes"},"schema":{"@context":"https:\/\/schema.org","@graph":[{"@type":"WebPage","@id":"https:\/\/nueveochentayuno.com\/encargos-lancome-perfumes-y-cosmeticos-de-lujo\/","url":"https:\/\/nueveochentayuno.com\/encargos-lancome-perfumes-y-cosmeticos-de-lujo\/","name":"Encargos - Lanc\u00f4me, perfumes y cosm\u00e9ticos de lujo - Nueveochentayuno Estudio","isPartOf":{"@id":"https:\/\/nueveochentayuno.com\/#website"},"primaryImageOfPage":{"@id":"https:\/\/nueveochentayuno.com\/encargos-lancome-perfumes-y-cosmeticos-de-lujo\/#primaryimage"},"image":{"@id":"https:\/\/nueveochentayuno.com\/encargos-lancome-perfumes-y-cosmeticos-de-lujo\/#primaryimage"},"thumbnailUrl":"https:\/\/nueveochentayuno.com\/wp-content\/uploads\/2025\/10\/001-3-768x1024.jpg","datePublished":"2025-10-15T11:19:33+00:00","dateModified":"2025-10-31T15:00:38+00:00","breadcrumb":{"@id":"https:\/\/nueveochentayuno.com\/encargos-lancome-perfumes-y-cosmeticos-de-lujo\/#breadcrumb"},"inLanguage":"en-GB","potentialAction":[{"@type":"ReadAction","target":["https:\/\/nueveochentayuno.com\/encargos-lancome-perfumes-y-cosmeticos-de-lujo\/"]}]},{"@type":"ImageObject","inLanguage":"en-GB","@id":"https:\/\/nueveochentayuno.com\/encargos-lancome-perfumes-y-cosmeticos-de-lujo\/#primaryimage","url":"https:\/\/nueveochentayuno.com\/wp-content\/uploads\/2025\/10\/001-3-768x1024.jpg","contentUrl":"https:\/\/nueveochentayuno.com\/wp-content\/uploads\/2025\/10\/001-3-768x1024.jpg"},{"@type":"BreadcrumbList","@id":"https:\/\/nueveochentayuno.com\/encargos-lancome-perfumes-y-cosmeticos-de-lujo\/#breadcrumb","itemListElement":[{"@type":"ListItem","position":1,"name":"Portada","item":"https:\/\/nueveochentayuno.com\/"},{"@type":"ListItem","position":2,"name":"Encargos &#8211; Lanc\u00f4me, perfumes y cosm\u00e9ticos de lujo"}]},{"@type":"WebSite","@id":"https:\/\/nueveochentayuno.com\/#website","url":"https:\/\/nueveochentayuno.com\/","name":"Nueveochentayuno Estudio","description":"Estudio de cer\u00e1mica","publisher":{"@id":"https:\/\/nueveochentayuno.com\/#organization"},"potentialAction":[{"@type":"SearchAction","target":{"@type":"EntryPoint","urlTemplate":"https:\/\/nueveochentayuno.com\/?s={search_term_string}"},"query-input":{"@type":"PropertyValueSpecification","valueRequired":true,"valueName":"search_term_string"}}],"inLanguage":"en-GB"},{"@type":"Organization","@id":"https:\/\/nueveochentayuno.com\/#organization","name":"Nueveochentayuno Estudio","url":"https:\/\/nueveochentayuno.com\/","logo":{"@type":"ImageObject","inLanguage":"en-GB","@id":"https:\/\/nueveochentayuno.com\/#\/schema\/logo\/image\/","url":"https:\/\/nueveochentayuno.com\/wp-content\/uploads\/2025\/09\/cropped-cropped-cropped-Imagen-de-WhatsApp-2024-10-22-a-las-12.54.20_e85df4b0.jpg","contentUrl":"https:\/\/nueveochentayuno.com\/wp-content\/uploads\/2025\/09\/cropped-cropped-cropped-Imagen-de-WhatsApp-2024-10-22-a-las-12.54.20_e85df4b0.jpg","width":685,"height":1188,"caption":"Nueveochentayuno Estudio"},"image":{"@id":"https:\/\/nueveochentayuno.com\/#\/schema\/logo\/image\/"}}]}},"_links":{"self":[{"href":"https:\/\/nueveochentayuno.com\/en\/wp-json\/wp\/v2\/pages\/604","targetHints":{"allow":["GET"]}}],"collection":[{"href":"https:\/\/nueveochentayuno.com\/en\/wp-json\/wp\/v2\/pages"}],"about":[{"href":"https:\/\/nueveochentayuno.com\/en\/wp-json\/wp\/v2\/types\/page"}],"author":[{"embeddable":true,"href":"https:\/\/nueveochentayuno.com\/en\/wp-json\/wp\/v2\/users\/1"}],"replies":[{"embeddable":true,"href":"https:\/\/nueveochentayuno.com\/en\/wp-json\/wp\/v2\/comments?post=604"}],"version-history":[{"count":22,"href":"https:\/\/nueveochentayuno.com\/en\/wp-json\/wp\/v2\/pages\/604\/revisions"}],"predecessor-version":[{"id":1948,"href":"https:\/\/nueveochentayuno.com\/en\/wp-json\/wp\/v2\/pages\/604\/revisions\/1948"}],"wp:attachment":[{"href":"https:\/\/nueveochentayuno.com\/en\/wp-json\/wp\/v2\/media?parent=604"}],"curies":[{"name":"wp","href":"https:\/\/api.w.org\/{rel}","templated":true}]}}