{"id":2324,"date":"2025-11-07T11:08:11","date_gmt":"2025-11-07T11:08:11","guid":{"rendered":"https:\/\/nueveochentayuno.com\/?page_id=2324"},"modified":"2025-11-10T12:52:48","modified_gmt":"2025-11-10T12:52:48","slug":"blog","status":"publish","type":"page","link":"https:\/\/nueveochentayuno.com\/en\/blog\/","title":{"rendered":"BLOG"},"content":{"rendered":"<div data-elementor-type=\"wp-page\" data-elementor-id=\"2324\" class=\"elementor elementor-2324\" data-elementor-post-type=\"page\">\n\t\t\t\t<div class=\"elementor-element elementor-element-ab23ce1 e-flex e-con-boxed e-con e-parent\" data-id=\"ab23ce1\" data-element_type=\"container\" data-e-type=\"container\" data-settings=\"{&quot;background_background&quot;:&quot;classic&quot;}\">\n\t\t\t\t\t<div class=\"e-con-inner\">\n\t\t\t\t<div class=\"elementor-element elementor-element-9d323a9 elementor-widget elementor-widget-heading\" data-id=\"9d323a9\" data-element_type=\"widget\" data-e-type=\"widget\" data-widget_type=\"heading.default\">\n\t\t\t\t\t<h2 class=\"elementor-heading-title elementor-size-default\">BLOG<\/h2>\t\t\t\t<\/div>\n\t\t\t\t\t<\/div>\n\t\t\t\t<\/div>\n\t\t<div class=\"elementor-element elementor-element-64550c4 e-flex e-con-boxed e-con e-parent\" data-id=\"64550c4\" data-element_type=\"container\" data-e-type=\"container\">\n\t\t\t\t\t<div class=\"e-con-inner\">\n\t\t\t\t<div class=\"elementor-element elementor-element-56148cc elementor-grid-eael-col-3 elementor-grid-tablet-eael-col-2 elementor-grid-mobile-eael-col-1 elementor-widget elementor-widget-eael-post-grid\" data-id=\"56148cc\" data-element_type=\"widget\" data-e-type=\"widget\" data-settings=\"{&quot;eael_post_grid_columns&quot;:&quot;eael-col-3&quot;,&quot;eael_post_grid_columns_tablet&quot;:&quot;eael-col-2&quot;,&quot;eael_post_grid_columns_mobile&quot;:&quot;eael-col-1&quot;}\" data-widget_type=\"eael-post-grid.default\">\n\t\t\t\t\t<div id=\"eael-post-grid-56148cc\" class=\"eael-post-grid-container\">\n            <div class=\"eael-post-grid eael-post-appender eael-post-appender-56148cc eael-post-grid-style-one\" data-layout-mode=\"masonry\"><article class=\"eael-grid-post  eael-post-grid-column eael-pg-post-3021 category-uncategorized tags-artecontemporaneo-artesania-artesaniacontemporanea-artesplasticas-ceramica-ceramicaartistica-ceramicacontemporanea-ceramicaespanola-ceramicart-ceramicdesign-ceramistas-cuerpo-cuerpoymateria-cultura-disenocontemporaneo-disenoyplacer-esculturaceramica-hechoamano-historiadelarte-historiadelplacer-nueveochentayuno-objetosconhistoria-objetosdeplacer-placer-sexualidadfemenina-tallerdeceramica\" data-id=\"3021\">\n        <div class=\"eael-grid-post-holder\">\n            <div class=\"eael-grid-post-holder-inner\"><div class=\"eael-entry-media\"><div class=\"eael-entry-overlay fade-in\"><i class=\"fas fa-long-arrow-alt-right\" aria-hidden=\"true\"><\/i><a href=\"https:\/\/nueveochentayuno.com\/en\/historia-placer-y-materia-una-breve-historia-del-dildo\/\"><\/a><\/div><div class=\"eael-entry-thumbnail\">\n                <img fetchpriority=\"high\" decoding=\"async\" width=\"300\" height=\"300\" src=\"https:\/\/nueveochentayuno.com\/wp-content\/uploads\/2025\/12\/foto-00-300x300.jpg\" class=\"attachment-medium size-medium wp-image-3030\" alt=\"\" srcset=\"https:\/\/nueveochentayuno.com\/wp-content\/uploads\/2025\/12\/foto-00-300x300.jpg 300w, https:\/\/nueveochentayuno.com\/wp-content\/uploads\/2025\/12\/foto-00-150x150.jpg 150w, https:\/\/nueveochentayuno.com\/wp-content\/uploads\/2025\/12\/foto-00-768x768.jpg 768w, https:\/\/nueveochentayuno.com\/wp-content\/uploads\/2025\/12\/foto-00-12x12.jpg 12w, https:\/\/nueveochentayuno.com\/wp-content\/uploads\/2025\/12\/foto-00-600x600.jpg 600w, https:\/\/nueveochentayuno.com\/wp-content\/uploads\/2025\/12\/foto-00-100x100.jpg 100w, https:\/\/nueveochentayuno.com\/wp-content\/uploads\/2025\/12\/foto-00.jpg 1000w\" sizes=\"(max-width: 300px) 100vw, 300px\" \/>\n            <\/div>\n        <\/div><div class=\"eael-entry-wrapper\"><header class=\"eael-entry-header\"><h2 class=\"eael-entry-title\"><a class=\"eael-grid-post-link\" href=\"https:\/\/nueveochentayuno.com\/en\/historia-placer-y-materia-una-breve-historia-del-dildo\/\" title=\"Historia, placer y materia: una breve historia del dildo\">Historia, placer y materia: una breve historia del dildo<\/a><\/h2><\/header><div class=\"eael-entry-content\">\n                        <div class=\"eael-grid-post-excerpt\"><p>Historia, placer y materia: una breve historia del dildo Alumna...<\/p><a href=\"https:\/\/nueveochentayuno.com\/en\/historia-placer-y-materia-una-breve-historia-del-dildo\/\" class=\"eael-post-elements-readmore-btn\">Leer m\u00e1s<\/a><\/div>\n                    <\/div><\/div><\/div>\n        <\/div>\n    <\/article><article class=\"eael-grid-post  eael-post-grid-column eael-pg-post-2963 category-uncategorized tags-artemoderno-artesania-artesaniacontemporanea-artesplasticas-barro-ceramica-ceramicaartistica-ceramicaespanola-ceramicalovers-ceramicartists-ceramiccontemporary-ceramicdesign-ceramicinspiration-ceramics-ceramistashoy-ceramistlife-ceramists-esculturaceramica-gres-hechoamano-hechoenespana-inspiracionartistica-porcelana-tallerdeceramica\" data-id=\"2963\">\n        <div class=\"eael-grid-post-holder\">\n            <div class=\"eael-grid-post-holder-inner\"><div class=\"eael-entry-media\"><div class=\"eael-entry-overlay fade-in\"><i class=\"fas fa-long-arrow-alt-right\" aria-hidden=\"true\"><\/i><a href=\"https:\/\/nueveochentayuno.com\/en\/los-artistas-ceramicos-que-estan-redefiniendo-la-arcilla-en-2025\/\"><\/a><\/div><div class=\"eael-entry-thumbnail\">\n                <img decoding=\"async\" width=\"300\" height=\"300\" src=\"https:\/\/nueveochentayuno.com\/wp-content\/uploads\/2025\/12\/001-300x300.png\" class=\"attachment-medium size-medium wp-image-3020\" alt=\"\" srcset=\"https:\/\/nueveochentayuno.com\/wp-content\/uploads\/2025\/12\/001-300x300.png 300w, https:\/\/nueveochentayuno.com\/wp-content\/uploads\/2025\/12\/001-150x150.png 150w, https:\/\/nueveochentayuno.com\/wp-content\/uploads\/2025\/12\/001-768x768.png 768w, https:\/\/nueveochentayuno.com\/wp-content\/uploads\/2025\/12\/001-12x12.png 12w, https:\/\/nueveochentayuno.com\/wp-content\/uploads\/2025\/12\/001-600x600.png 600w, https:\/\/nueveochentayuno.com\/wp-content\/uploads\/2025\/12\/001-100x100.png 100w, https:\/\/nueveochentayuno.com\/wp-content\/uploads\/2025\/12\/001.png 1024w\" sizes=\"(max-width: 300px) 100vw, 300px\" \/>\n            <\/div>\n        <\/div><div class=\"eael-entry-wrapper\"><header class=\"eael-entry-header\"><h2 class=\"eael-entry-title\"><a class=\"eael-grid-post-link\" href=\"https:\/\/nueveochentayuno.com\/en\/los-artistas-ceramicos-que-estan-redefiniendo-la-arcilla-en-2025\/\" title=\"Los artistas cer\u00e1micos que est\u00e1n redefiniendo la arcilla en 2025\">Los artistas cer\u00e1micos que est\u00e1n redefiniendo la arcilla en 2025<\/a><\/h2><\/header><div class=\"eael-entry-content\">\n                        <div class=\"eael-grid-post-excerpt\"><p>Los artistas cer\u00e1micos que est\u00e1n redefiniendo la arcilla en 2025...<\/p><a href=\"https:\/\/nueveochentayuno.com\/en\/los-artistas-ceramicos-que-estan-redefiniendo-la-arcilla-en-2025\/\" class=\"eael-post-elements-readmore-btn\">Leer m\u00e1s<\/a><\/div>\n                    <\/div><\/div><\/div>\n        <\/div>\n    <\/article><article class=\"eael-grid-post  eael-post-grid-column eael-pg-post-2952 category-uncategorized tags-beneficios-bloger-ceramica-ninos-nueveochentayuno-pedagogia-psicologia-terapiaartistica\" data-id=\"2952\">\n        <div class=\"eael-grid-post-holder\">\n            <div class=\"eael-grid-post-holder-inner\"><div class=\"eael-entry-media\"><div class=\"eael-entry-overlay fade-in\"><i class=\"fas fa-long-arrow-alt-right\" aria-hidden=\"true\"><\/i><a href=\"https:\/\/nueveochentayuno.com\/en\/ceramica-y-ninos-mucho-mas-que-mancharse-las-manos\/\"><\/a><\/div><div class=\"eael-entry-thumbnail\">\n                <img decoding=\"async\" width=\"300\" height=\"300\" src=\"https:\/\/nueveochentayuno.com\/wp-content\/uploads\/2025\/12\/maceta-de-pintura-para-ninos-hobby-de-bricolaje-e1764942336482-300x300.jpg\" class=\"attachment-medium size-medium wp-image-2958\" alt=\"\" srcset=\"https:\/\/nueveochentayuno.com\/wp-content\/uploads\/2025\/12\/maceta-de-pintura-para-ninos-hobby-de-bricolaje-e1764942336482-300x300.jpg 300w, https:\/\/nueveochentayuno.com\/wp-content\/uploads\/2025\/12\/maceta-de-pintura-para-ninos-hobby-de-bricolaje-e1764942336482-1024x1024.jpg 1024w, https:\/\/nueveochentayuno.com\/wp-content\/uploads\/2025\/12\/maceta-de-pintura-para-ninos-hobby-de-bricolaje-e1764942336482-150x150.jpg 150w, https:\/\/nueveochentayuno.com\/wp-content\/uploads\/2025\/12\/maceta-de-pintura-para-ninos-hobby-de-bricolaje-e1764942336482-768x768.jpg 768w, https:\/\/nueveochentayuno.com\/wp-content\/uploads\/2025\/12\/maceta-de-pintura-para-ninos-hobby-de-bricolaje-e1764942336482-1536x1536.jpg 1536w, https:\/\/nueveochentayuno.com\/wp-content\/uploads\/2025\/12\/maceta-de-pintura-para-ninos-hobby-de-bricolaje-e1764942336482-12x12.jpg 12w, https:\/\/nueveochentayuno.com\/wp-content\/uploads\/2025\/12\/maceta-de-pintura-para-ninos-hobby-de-bricolaje-e1764942336482-600x600.jpg 600w, https:\/\/nueveochentayuno.com\/wp-content\/uploads\/2025\/12\/maceta-de-pintura-para-ninos-hobby-de-bricolaje-e1764942336482-100x100.jpg 100w, https:\/\/nueveochentayuno.com\/wp-content\/uploads\/2025\/12\/maceta-de-pintura-para-ninos-hobby-de-bricolaje-e1764942336482.jpg 1578w\" sizes=\"(max-width: 300px) 100vw, 300px\" \/>\n            <\/div>\n        <\/div><div class=\"eael-entry-wrapper\"><header class=\"eael-entry-header\"><h2 class=\"eael-entry-title\"><a class=\"eael-grid-post-link\" href=\"https:\/\/nueveochentayuno.com\/en\/ceramica-y-ninos-mucho-mas-que-mancharse-las-manos\/\" title=\"Cer\u00e1mica y ni\u00f1os: mucho m\u00e1s que mancharse las manos\">Cer\u00e1mica y ni\u00f1os: mucho m\u00e1s que mancharse las manos<\/a><\/h2><\/header><div class=\"eael-entry-content\">\n                        <div class=\"eael-grid-post-excerpt\"><p>Cer\u00e1mica y ni\u00f1os: mucho m\u00e1s que \u201cmancharse las manos\u201d Llevo...<\/p><a href=\"https:\/\/nueveochentayuno.com\/en\/ceramica-y-ninos-mucho-mas-que-mancharse-las-manos\/\" class=\"eael-post-elements-readmore-btn\">Leer m\u00e1s<\/a><\/div>\n                    <\/div><\/div><\/div>\n        <\/div>\n    <\/article><\/div>\n            <div class=\"clearfix\"><\/div>\n        <\/div>\t\t\t\t<\/div>\n\t\t\t\t\t<\/div>\n\t\t\t\t<\/div>\n\t\t\t\t<\/div>","protected":false},"excerpt":{"rendered":"<p>BLOG TALLER DE DILDOS II TALLER DE DILDOS II Hace poco impartimos en el estudio&#8230; Leer m\u00e1s TALLER DE DILDOS TALLER DE DILDOS Hace poco impartimos en el estudio un&#8230; Leer m\u00e1s<\/p>","protected":false},"author":1,"featured_media":0,"parent":0,"menu_order":0,"comment_status":"closed","ping_status":"closed","template":"elementor_canvas","meta":{"footnotes":""},"class_list":["post-2324","page","type-page","status-publish","hentry"],"yoast_head":"<!-- This site is optimized with the Yoast SEO plugin v27.4 - https:\/\/yoast.com\/product\/yoast-seo-wordpress\/ -->\n<title>BLOG - Nueveochentayuno Estudio<\/title>\n<meta name=\"robots\" content=\"index, follow, max-snippet:-1, max-image-preview:large, max-video-preview:-1\" \/>\n<link rel=\"canonical\" href=\"https:\/\/nueveochentayuno.com\/en\/blog\/\" \/>\n<meta property=\"og:locale\" content=\"en_GB\" \/>\n<meta property=\"og:type\" content=\"article\" \/>\n<meta property=\"og:title\" content=\"BLOG - Nueveochentayuno Estudio\" \/>\n<meta property=\"og:description\" content=\"BLOG TALLER DE DILDOS II TALLER DE DILDOS II Hace poco impartimos en el estudio&#8230; Leer m\u00e1s TALLER DE DILDOS TALLER DE DILDOS Hace poco impartimos en el estudio un&#8230; Leer m\u00e1s\" \/>\n<meta property=\"og:url\" content=\"https:\/\/nueveochentayuno.com\/en\/blog\/\" \/>\n<meta property=\"og:site_name\" content=\"Nueveochentayuno Estudio\" \/>\n<meta property=\"article:modified_time\" content=\"2025-11-10T12:52:48+00:00\" \/>\n<meta property=\"og:image\" content=\"https:\/\/nueveochentayuno.com\/wp-content\/uploads\/2025\/11\/Diseno-sin-titulo-2.png\" \/>\n\t<meta property=\"og:image:width\" content=\"1500\" \/>\n\t<meta property=\"og:image:height\" content=\"1000\" \/>\n\t<meta property=\"og:image:type\" content=\"image\/png\" \/>\n<meta name=\"twitter:card\" content=\"summary_large_image\" \/>\n<meta name=\"twitter:label1\" content=\"Estimated reading time\" \/>\n\t<meta name=\"twitter:data1\" content=\"1 minute\" \/>\n<script type=\"application\/ld+json\" class=\"yoast-schema-graph\">{\"@context\":\"https:\\\/\\\/schema.org\",\"@graph\":[{\"@type\":\"WebPage\",\"@id\":\"https:\\\/\\\/nueveochentayuno.com\\\/blog\\\/\",\"url\":\"https:\\\/\\\/nueveochentayuno.com\\\/blog\\\/\",\"name\":\"BLOG - Nueveochentayuno Estudio\",\"isPartOf\":{\"@id\":\"https:\\\/\\\/nueveochentayuno.com\\\/#website\"},\"primaryImageOfPage\":{\"@id\":\"https:\\\/\\\/nueveochentayuno.com\\\/blog\\\/#primaryimage\"},\"image\":{\"@id\":\"https:\\\/\\\/nueveochentayuno.com\\\/blog\\\/#primaryimage\"},\"thumbnailUrl\":\"https:\\\/\\\/nueveochentayuno.com\\\/wp-content\\\/uploads\\\/2025\\\/11\\\/Diseno-sin-titulo-2-300x200.png\",\"datePublished\":\"2025-11-07T11:08:11+00:00\",\"dateModified\":\"2025-11-10T12:52:48+00:00\",\"breadcrumb\":{\"@id\":\"https:\\\/\\\/nueveochentayuno.com\\\/blog\\\/#breadcrumb\"},\"inLanguage\":\"en-GB\",\"potentialAction\":[{\"@type\":\"ReadAction\",\"target\":[\"https:\\\/\\\/nueveochentayuno.com\\\/blog\\\/\"]}]},{\"@type\":\"ImageObject\",\"inLanguage\":\"en-GB\",\"@id\":\"https:\\\/\\\/nueveochentayuno.com\\\/blog\\\/#primaryimage\",\"url\":\"https:\\\/\\\/nueveochentayuno.com\\\/wp-content\\\/uploads\\\/2025\\\/11\\\/Diseno-sin-titulo-2-300x200.png\",\"contentUrl\":\"https:\\\/\\\/nueveochentayuno.com\\\/wp-content\\\/uploads\\\/2025\\\/11\\\/Diseno-sin-titulo-2-300x200.png\"},{\"@type\":\"BreadcrumbList\",\"@id\":\"https:\\\/\\\/nueveochentayuno.com\\\/blog\\\/#breadcrumb\",\"itemListElement\":[{\"@type\":\"ListItem\",\"position\":1,\"name\":\"Portada\",\"item\":\"https:\\\/\\\/nueveochentayuno.com\\\/\"},{\"@type\":\"ListItem\",\"position\":2,\"name\":\"BLOG\"}]},{\"@type\":\"WebSite\",\"@id\":\"https:\\\/\\\/nueveochentayuno.com\\\/#website\",\"url\":\"https:\\\/\\\/nueveochentayuno.com\\\/\",\"name\":\"Nueveochentayuno Estudio\",\"description\":\"Estudio de cer\u00e1mica\",\"publisher\":{\"@id\":\"https:\\\/\\\/nueveochentayuno.com\\\/#organization\"},\"potentialAction\":[{\"@type\":\"SearchAction\",\"target\":{\"@type\":\"EntryPoint\",\"urlTemplate\":\"https:\\\/\\\/nueveochentayuno.com\\\/?s={search_term_string}\"},\"query-input\":{\"@type\":\"PropertyValueSpecification\",\"valueRequired\":true,\"valueName\":\"search_term_string\"}}],\"inLanguage\":\"en-GB\"},{\"@type\":\"Organization\",\"@id\":\"https:\\\/\\\/nueveochentayuno.com\\\/#organization\",\"name\":\"Nueveochentayuno Estudio\",\"url\":\"https:\\\/\\\/nueveochentayuno.com\\\/\",\"logo\":{\"@type\":\"ImageObject\",\"inLanguage\":\"en-GB\",\"@id\":\"https:\\\/\\\/nueveochentayuno.com\\\/#\\\/schema\\\/logo\\\/image\\\/\",\"url\":\"https:\\\/\\\/nueveochentayuno.com\\\/wp-content\\\/uploads\\\/2025\\\/09\\\/cropped-cropped-cropped-Imagen-de-WhatsApp-2024-10-22-a-las-12.54.20_e85df4b0.jpg\",\"contentUrl\":\"https:\\\/\\\/nueveochentayuno.com\\\/wp-content\\\/uploads\\\/2025\\\/09\\\/cropped-cropped-cropped-Imagen-de-WhatsApp-2024-10-22-a-las-12.54.20_e85df4b0.jpg\",\"width\":685,\"height\":1188,\"caption\":\"Nueveochentayuno Estudio\"},\"image\":{\"@id\":\"https:\\\/\\\/nueveochentayuno.com\\\/#\\\/schema\\\/logo\\\/image\\\/\"}}]}<\/script>\n<!-- \/ Yoast SEO plugin. -->","yoast_head_json":{"title":"BLOG - Nueveochentayuno Estudio","robots":{"index":"index","follow":"follow","max-snippet":"max-snippet:-1","max-image-preview":"max-image-preview:large","max-video-preview":"max-video-preview:-1"},"canonical":"https:\/\/nueveochentayuno.com\/en\/blog\/","og_locale":"en_GB","og_type":"article","og_title":"BLOG - Nueveochentayuno Estudio","og_description":"BLOG TALLER DE DILDOS II TALLER DE DILDOS II Hace poco impartimos en el estudio&#8230; Leer m\u00e1s TALLER DE DILDOS TALLER DE DILDOS Hace poco impartimos en el estudio un&#8230; Leer m\u00e1s","og_url":"https:\/\/nueveochentayuno.com\/en\/blog\/","og_site_name":"Nueveochentayuno Estudio","article_modified_time":"2025-11-10T12:52:48+00:00","og_image":[{"width":1500,"height":1000,"url":"https:\/\/nueveochentayuno.com\/wp-content\/uploads\/2025\/11\/Diseno-sin-titulo-2.png","type":"image\/png"}],"twitter_card":"summary_large_image","twitter_misc":{"Estimated reading time":"1 minute"},"schema":{"@context":"https:\/\/schema.org","@graph":[{"@type":"WebPage","@id":"https:\/\/nueveochentayuno.com\/blog\/","url":"https:\/\/nueveochentayuno.com\/blog\/","name":"BLOG - Nueveochentayuno Estudio","isPartOf":{"@id":"https:\/\/nueveochentayuno.com\/#website"},"primaryImageOfPage":{"@id":"https:\/\/nueveochentayuno.com\/blog\/#primaryimage"},"image":{"@id":"https:\/\/nueveochentayuno.com\/blog\/#primaryimage"},"thumbnailUrl":"https:\/\/nueveochentayuno.com\/wp-content\/uploads\/2025\/11\/Diseno-sin-titulo-2-300x200.png","datePublished":"2025-11-07T11:08:11+00:00","dateModified":"2025-11-10T12:52:48+00:00","breadcrumb":{"@id":"https:\/\/nueveochentayuno.com\/blog\/#breadcrumb"},"inLanguage":"en-GB","potentialAction":[{"@type":"ReadAction","target":["https:\/\/nueveochentayuno.com\/blog\/"]}]},{"@type":"ImageObject","inLanguage":"en-GB","@id":"https:\/\/nueveochentayuno.com\/blog\/#primaryimage","url":"https:\/\/nueveochentayuno.com\/wp-content\/uploads\/2025\/11\/Diseno-sin-titulo-2-300x200.png","contentUrl":"https:\/\/nueveochentayuno.com\/wp-content\/uploads\/2025\/11\/Diseno-sin-titulo-2-300x200.png"},{"@type":"BreadcrumbList","@id":"https:\/\/nueveochentayuno.com\/blog\/#breadcrumb","itemListElement":[{"@type":"ListItem","position":1,"name":"Portada","item":"https:\/\/nueveochentayuno.com\/"},{"@type":"ListItem","position":2,"name":"BLOG"}]},{"@type":"WebSite","@id":"https:\/\/nueveochentayuno.com\/#website","url":"https:\/\/nueveochentayuno.com\/","name":"Nueveochentayuno Estudio","description":"Estudio de cer\u00e1mica","publisher":{"@id":"https:\/\/nueveochentayuno.com\/#organization"},"potentialAction":[{"@type":"SearchAction","target":{"@type":"EntryPoint","urlTemplate":"https:\/\/nueveochentayuno.com\/?s={search_term_string}"},"query-input":{"@type":"PropertyValueSpecification","valueRequired":true,"valueName":"search_term_string"}}],"inLanguage":"en-GB"},{"@type":"Organization","@id":"https:\/\/nueveochentayuno.com\/#organization","name":"Nueveochentayuno Estudio","url":"https:\/\/nueveochentayuno.com\/","logo":{"@type":"ImageObject","inLanguage":"en-GB","@id":"https:\/\/nueveochentayuno.com\/#\/schema\/logo\/image\/","url":"https:\/\/nueveochentayuno.com\/wp-content\/uploads\/2025\/09\/cropped-cropped-cropped-Imagen-de-WhatsApp-2024-10-22-a-las-12.54.20_e85df4b0.jpg","contentUrl":"https:\/\/nueveochentayuno.com\/wp-content\/uploads\/2025\/09\/cropped-cropped-cropped-Imagen-de-WhatsApp-2024-10-22-a-las-12.54.20_e85df4b0.jpg","width":685,"height":1188,"caption":"Nueveochentayuno Estudio"},"image":{"@id":"https:\/\/nueveochentayuno.com\/#\/schema\/logo\/image\/"}}]}},"_links":{"self":[{"href":"https:\/\/nueveochentayuno.com\/en\/wp-json\/wp\/v2\/pages\/2324","targetHints":{"allow":["GET"]}}],"collection":[{"href":"https:\/\/nueveochentayuno.com\/en\/wp-json\/wp\/v2\/pages"}],"about":[{"href":"https:\/\/nueveochentayuno.com\/en\/wp-json\/wp\/v2\/types\/page"}],"author":[{"embeddable":true,"href":"https:\/\/nueveochentayuno.com\/en\/wp-json\/wp\/v2\/users\/1"}],"replies":[{"embeddable":true,"href":"https:\/\/nueveochentayuno.com\/en\/wp-json\/wp\/v2\/comments?post=2324"}],"version-history":[{"count":46,"href":"https:\/\/nueveochentayuno.com\/en\/wp-json\/wp\/v2\/pages\/2324\/revisions"}],"predecessor-version":[{"id":2622,"href":"https:\/\/nueveochentayuno.com\/en\/wp-json\/wp\/v2\/pages\/2324\/revisions\/2622"}],"wp:attachment":[{"href":"https:\/\/nueveochentayuno.com\/en\/wp-json\/wp\/v2\/media?parent=2324"}],"curies":[{"name":"wp","href":"https:\/\/api.w.org\/{rel}","templated":true}]}}