{"id":20,"date":"2025-09-22T15:55:31","date_gmt":"2025-09-22T15:55:31","guid":{"rendered":"https:\/\/nueveochentayuno.rkinformatika.online\/?page_id=20"},"modified":"2025-11-26T09:22:21","modified_gmt":"2025-11-26T09:22:21","slug":"inicio","status":"publish","type":"page","link":"https:\/\/nueveochentayuno.com\/en\/","title":{"rendered":"Home"},"content":{"rendered":"\t\t<div data-elementor-type=\"wp-page\" data-elementor-id=\"20\" class=\"elementor elementor-20\" data-elementor-post-type=\"page\">\n\t\t\t\t<div class=\"elementor-element elementor-element-ab23ce1 e-flex e-con-boxed e-con e-parent\" data-id=\"ab23ce1\" data-element_type=\"container\" data-e-type=\"container\" data-settings=\"{&quot;background_background&quot;:&quot;slideshow&quot;,&quot;background_slideshow_gallery&quot;:[{&quot;id&quot;:108,&quot;url&quot;:&quot;https:\\\/\\\/nueveochentayuno.com\\\/wp-content\\\/uploads\\\/2025\\\/09\\\/portada-1-Alejandra-Martinez-scaled.jpg&quot;}],&quot;background_slideshow_loop&quot;:&quot;yes&quot;,&quot;background_slideshow_slide_duration&quot;:5000,&quot;background_slideshow_slide_transition&quot;:&quot;fade&quot;,&quot;background_slideshow_transition_duration&quot;:500}\">\n\t\t\t\t\t<div class=\"e-con-inner\">\n\t\t\t\t<div class=\"elementor-element elementor-element-6e90272 elementor-widget elementor-widget-heading\" data-id=\"6e90272\" data-element_type=\"widget\" data-e-type=\"widget\" data-widget_type=\"heading.default\">\n\t\t\t\t\t<h2 class=\"elementor-heading-title elementor-size-default\">Piezas originales y exclusivas<\/h2>\t\t\t\t<\/div>\n\t\t<div class=\"elementor-element elementor-element-c3fc2f2 e-con-full e-flex e-con e-child\" data-id=\"c3fc2f2\" data-element_type=\"container\" data-e-type=\"container\">\n\t\t\t\t<div class=\"elementor-element elementor-element-ddb5743 elementor-align-center elementor-widget elementor-widget-button\" data-id=\"ddb5743\" data-element_type=\"widget\" data-e-type=\"widget\" data-widget_type=\"button.default\">\n\t\t\t\t\t\t\t\t\t\t<a class=\"elementor-button elementor-button-link elementor-size-sm\" href=\"https:\/\/nueveochentayuno.com\/tienda\/\">\n\t\t\t\t\t\t<span class=\"elementor-button-content-wrapper\">\n\t\t\t\t\t\t\t\t\t<span class=\"elementor-button-text\">TIENDA<\/span>\n\t\t\t\t\t<\/span>\n\t\t\t\t\t<\/a>\n\t\t\t\t\t\t\t\t<\/div>\n\t\t\t\t<div class=\"elementor-element elementor-element-f4857cc elementor-align-center elementor-widget elementor-widget-button\" data-id=\"f4857cc\" data-element_type=\"widget\" data-e-type=\"widget\" data-widget_type=\"button.default\">\n\t\t\t\t\t\t\t\t\t\t<a class=\"elementor-button elementor-button-link elementor-size-sm\" href=\"https:\/\/nueveochentayuno.com\/encargos\/\">\n\t\t\t\t\t\t<span class=\"elementor-button-content-wrapper\">\n\t\t\t\t\t\t\t\t\t<span class=\"elementor-button-text\">ENCARGOS<\/span>\n\t\t\t\t\t<\/span>\n\t\t\t\t\t<\/a>\n\t\t\t\t\t\t\t\t<\/div>\n\t\t\t\t<\/div>\n\t\t\t\t\t<\/div>\n\t\t\t\t<\/div>\n\t\t<div class=\"elementor-element elementor-element-86da3db e-flex e-con-boxed e-con e-parent\" data-id=\"86da3db\" data-element_type=\"container\" data-e-type=\"container\">\n\t\t\t\t\t<div class=\"e-con-inner\">\n\t\t<div class=\"elementor-element elementor-element-3ce7f5f e-con-full e-flex elementor-invisible e-con e-child\" data-id=\"3ce7f5f\" data-element_type=\"container\" data-e-type=\"container\" data-settings=\"{&quot;animation&quot;:&quot;fadeInRight&quot;}\">\n\t\t\t\t<div class=\"elementor-element elementor-element-e23e18b elementor-widget elementor-widget-image\" data-id=\"e23e18b\" data-element_type=\"widget\" data-e-type=\"widget\" data-widget_type=\"image.default\">\n\t\t\t\t\t\t\t\t\t\t\t\t\t\t\t<img fetchpriority=\"high\" decoding=\"async\" width=\"768\" height=\"1024\" src=\"https:\/\/nueveochentayuno.com\/wp-content\/uploads\/2025\/09\/VNS58-1-Alejandra-Martinez-768x1024.jpg\" class=\"attachment-large size-large wp-image-134\" alt=\"\" srcset=\"https:\/\/nueveochentayuno.com\/wp-content\/uploads\/2025\/09\/VNS58-1-Alejandra-Martinez-768x1024.jpg 768w, https:\/\/nueveochentayuno.com\/wp-content\/uploads\/2025\/09\/VNS58-1-Alejandra-Martinez-225x300.jpg 225w, https:\/\/nueveochentayuno.com\/wp-content\/uploads\/2025\/09\/VNS58-1-Alejandra-Martinez-9x12.jpg 9w, https:\/\/nueveochentayuno.com\/wp-content\/uploads\/2025\/09\/VNS58-1-Alejandra-Martinez-600x800.jpg 600w, https:\/\/nueveochentayuno.com\/wp-content\/uploads\/2025\/09\/VNS58-1-Alejandra-Martinez.jpg 1080w\" sizes=\"(max-width: 768px) 100vw, 768px\" \/>\t\t\t\t\t\t\t\t\t\t\t\t\t\t\t<\/div>\n\t\t\t\t<\/div>\n\t\t<div class=\"elementor-element elementor-element-e0bdd87 e-con-full e-flex elementor-invisible e-con e-child\" data-id=\"e0bdd87\" data-element_type=\"container\" data-e-type=\"container\" data-settings=\"{&quot;background_background&quot;:&quot;classic&quot;,&quot;animation&quot;:&quot;fadeInLeft&quot;}\">\n\t\t\t\t<div class=\"elementor-element elementor-element-3f5a407 elementor-widget elementor-widget-heading\" data-id=\"3f5a407\" data-element_type=\"widget\" data-e-type=\"widget\" data-widget_type=\"heading.default\">\n\t\t\t\t\t<h2 class=\"elementor-heading-title elementor-size-default\">Bienvenidos a nueve81 estudio.<\/h2>\t\t\t\t<\/div>\n\t\t\t\t<div class=\"elementor-element elementor-element-98b49a8 elementor-widget elementor-widget-text-editor\" data-id=\"98b49a8\" data-element_type=\"widget\" data-e-type=\"widget\" data-widget_type=\"text-editor.default\">\n\t\t\t\t\t\t\t\t\t<p>Hola! Soy Alejandra. Vivo entre barro y cocciones desde ni\u00f1a! De forma profesional desde hace m\u00e1s de 20 a\u00f1os. Trabajo con un equipo de ceramistas apasionados por el oficio, con un firme compromiso en la creaci\u00f3n de piezas originales y exclusivas. Desde colecciones propias hasta encargos personalizados, cada pieza que sale de nuestro taller est\u00e1 hecha con dedicaci\u00f3n, t\u00e9cnica y mucho cari\u00f1o.<\/p><p>Nos emociona compartir nuestras creaciones contigo, y tambi\u00e9n dar forma a tus ideas y convertirlas en piezas \u00fanicas. \u00a1Descubre lo que podemos crear juntos!<\/p>\t\t\t\t\t\t\t\t<\/div>\n\t\t\t\t<\/div>\n\t\t\t\t\t<\/div>\n\t\t\t\t<\/div>\n\t\t<div class=\"elementor-element elementor-element-5c41b2e e-flex e-con-boxed e-con e-parent\" data-id=\"5c41b2e\" data-element_type=\"container\" data-e-type=\"container\">\n\t\t\t\t\t<div class=\"e-con-inner\">\n\t\t<div class=\"elementor-element elementor-element-ac9076c e-con-full e-flex e-con e-child\" data-id=\"ac9076c\" data-element_type=\"container\" data-e-type=\"container\">\n\t\t\t\t<div class=\"elementor-element elementor-element-a52cf15 elementor-bg-transform elementor-bg-transform-move-down elementor-cta--skin-classic elementor-animated-content elementor-widget elementor-widget-call-to-action\" data-id=\"a52cf15\" data-element_type=\"widget\" data-e-type=\"widget\" data-widget_type=\"call-to-action.default\">\n\t\t\t\t\t\t\t<div class=\"elementor-cta\">\n\t\t\t\t\t<div class=\"elementor-cta__bg-wrapper\">\n\t\t\t\t<div class=\"elementor-cta__bg elementor-bg\" style=\"background-image: url(https:\/\/nueveochentayuno.com\/wp-content\/uploads\/2025\/11\/011-768x1024.jpg);\" role=\"img\" aria-label=\"011\"><\/div>\n\t\t\t\t<div class=\"elementor-cta__bg-overlay\"><\/div>\n\t\t\t<\/div>\n\t\t\t\t\t\t\t<div class=\"elementor-cta__content\">\n\t\t\t\t\n\t\t\t\t\t\t\t\t\t<h2 class=\"elementor-cta__title elementor-cta__content-item elementor-content-item\">\n\t\t\t\t\t\tEncargos exclusivos\t\t\t\t\t<\/h2>\n\t\t\t\t\n\t\t\t\t\t\t\t\t\t<div class=\"elementor-cta__description elementor-cta__content-item elementor-content-item\">\n\t\t\t\t\t\tHacemos de tus ideas una realidad, Cualquier es  perfecta para convertirla en t\u00fa pieza de cer\u00e1mica.\t\t\t\t\t<\/div>\n\t\t\t\t\n\t\t\t\t\t\t\t\t\t<div class=\"elementor-cta__button-wrapper elementor-cta__content-item elementor-content-item \">\n\t\t\t\t\t<a class=\"elementor-cta__button elementor-button elementor-size-\" href=\"https:\/\/nueveochentayuno.com\/encargos\/\">\n\t\t\t\t\t\tSaber m\u00e1s\t\t\t\t\t<\/a>\n\t\t\t\t\t<\/div>\n\t\t\t\t\t\t\t<\/div>\n\t\t\t\t\t\t<\/div>\n\t\t\t\t\t\t<\/div>\n\t\t\t\t<\/div>\n\t\t<div class=\"elementor-element elementor-element-4e4e2f7 e-con-full e-flex e-con e-child\" data-id=\"4e4e2f7\" data-element_type=\"container\" data-e-type=\"container\">\n\t\t\t\t<div class=\"elementor-element elementor-element-f16fc53 elementor-cta--skin-classic elementor-animated-content elementor-bg-transform elementor-bg-transform-zoom-in elementor-widget elementor-widget-call-to-action\" data-id=\"f16fc53\" data-element_type=\"widget\" data-e-type=\"widget\" data-widget_type=\"call-to-action.default\">\n\t\t\t\t\t\t\t<div class=\"elementor-cta\">\n\t\t\t\t\t<div class=\"elementor-cta__bg-wrapper\">\n\t\t\t\t<div class=\"elementor-cta__bg elementor-bg\" style=\"background-image: url(https:\/\/nueveochentayuno.com\/wp-content\/uploads\/2025\/10\/Yuee-Qiu.png);\" role=\"img\" aria-label=\"Yuee Qiu\"><\/div>\n\t\t\t\t<div class=\"elementor-cta__bg-overlay\"><\/div>\n\t\t\t<\/div>\n\t\t\t\t\t\t\t<div class=\"elementor-cta__content\">\n\t\t\t\t\n\t\t\t\t\t\t\t\t\t<h2 class=\"elementor-cta__title elementor-cta__content-item elementor-content-item\">\n\t\t\t\t\t\tCreaciones \u00fanicas\t\t\t\t\t<\/h2>\n\t\t\t\t\n\t\t\t\t\t\t\t\t\t<div class=\"elementor-cta__description elementor-cta__content-item elementor-content-item\">\n\t\t\t\t\t\tCada pieza cuenta una historia \u00fanica, una vida, una expresi\u00f3n, una visi\u00f3n y perspectiva de un mundo diferente. \t\t\t\t\t<\/div>\n\t\t\t\t\n\t\t\t\t\t\t\t\t\t<div class=\"elementor-cta__button-wrapper elementor-cta__content-item elementor-content-item \">\n\t\t\t\t\t<a class=\"elementor-cta__button elementor-button elementor-size-\" href=\"https:\/\/nueveochentayuno.com\/tienda\/\">\n\t\t\t\t\t\tTienda\t\t\t\t\t<\/a>\n\t\t\t\t\t<\/div>\n\t\t\t\t\t\t\t<\/div>\n\t\t\t\t\t\t<\/div>\n\t\t\t\t\t\t<\/div>\n\t\t\t\t<\/div>\n\t\t\t\t\t<\/div>\n\t\t\t\t<\/div>\n\t\t\t\t<\/div>\n\t\t","protected":false},"excerpt":{"rendered":"<p>Piezas originales y exclusivas TIENDA ENCARGOS Bienvenidos a nueve81 estudio. Hola! Soy Alejandra. Vivo entre barro y cocciones desde ni\u00f1a! De forma profesional desde hace m\u00e1s de 20 a\u00f1os. Trabajo con un equipo de ceramistas apasionados por el oficio, con un firme compromiso en la creaci\u00f3n de piezas originales y exclusivas. Desde colecciones propias hasta [&hellip;]<\/p>\n","protected":false},"author":1,"featured_media":0,"parent":0,"menu_order":0,"comment_status":"closed","ping_status":"closed","template":"elementor_canvas","meta":{"footnotes":""},"class_list":["post-20","page","type-page","status-publish","hentry"],"yoast_head":"<!-- This site is optimized with the Yoast SEO plugin v27.4 - https:\/\/yoast.com\/product\/yoast-seo-wordpress\/ -->\n<title>Inicio - Nueveochentayuno Estudio<\/title>\n<meta name=\"robots\" content=\"index, follow, max-snippet:-1, max-image-preview:large, max-video-preview:-1\" \/>\n<link rel=\"canonical\" href=\"https:\/\/nueveochentayuno.com\/en\/\" \/>\n<meta property=\"og:locale\" content=\"en_GB\" \/>\n<meta property=\"og:type\" content=\"article\" \/>\n<meta property=\"og:title\" content=\"Inicio - Nueveochentayuno Estudio\" \/>\n<meta property=\"og:description\" content=\"Piezas originales y exclusivas TIENDA ENCARGOS Bienvenidos a nueve81 estudio. Hola! Soy Alejandra. Vivo entre barro y cocciones desde ni\u00f1a! De forma profesional desde hace m\u00e1s de 20 a\u00f1os. Trabajo con un equipo de ceramistas apasionados por el oficio, con un firme compromiso en la creaci\u00f3n de piezas originales y exclusivas. Desde colecciones propias hasta [&hellip;]\" \/>\n<meta property=\"og:url\" content=\"https:\/\/nueveochentayuno.com\/en\/\" \/>\n<meta property=\"og:site_name\" content=\"Nueveochentayuno Estudio\" \/>\n<meta property=\"article:modified_time\" content=\"2025-11-26T09:22:21+00:00\" \/>\n<meta property=\"og:image\" content=\"https:\/\/nueveochentayuno.com\/wp-content\/uploads\/2025\/09\/VNS58-1-Alejandra-Martinez.jpg\" \/>\n\t<meta property=\"og:image:width\" content=\"1080\" \/>\n\t<meta property=\"og:image:height\" content=\"1440\" \/>\n\t<meta property=\"og:image:type\" content=\"image\/jpeg\" \/>\n<meta name=\"twitter:card\" content=\"summary_large_image\" \/>\n<meta name=\"twitter:label1\" content=\"Estimated reading time\" \/>\n\t<meta name=\"twitter:data1\" content=\"1 minute\" \/>\n<script type=\"application\/ld+json\" class=\"yoast-schema-graph\">{\"@context\":\"https:\\\/\\\/schema.org\",\"@graph\":[{\"@type\":\"WebPage\",\"@id\":\"https:\\\/\\\/nueveochentayuno.com\\\/\",\"url\":\"https:\\\/\\\/nueveochentayuno.com\\\/\",\"name\":\"Inicio - Nueveochentayuno Estudio\",\"isPartOf\":{\"@id\":\"https:\\\/\\\/nueveochentayuno.com\\\/#website\"},\"primaryImageOfPage\":{\"@id\":\"https:\\\/\\\/nueveochentayuno.com\\\/#primaryimage\"},\"image\":{\"@id\":\"https:\\\/\\\/nueveochentayuno.com\\\/#primaryimage\"},\"thumbnailUrl\":\"https:\\\/\\\/nueveochentayuno.com\\\/wp-content\\\/uploads\\\/2025\\\/09\\\/VNS58-1-Alejandra-Martinez-768x1024.jpg\",\"datePublished\":\"2025-09-22T15:55:31+00:00\",\"dateModified\":\"2025-11-26T09:22:21+00:00\",\"breadcrumb\":{\"@id\":\"https:\\\/\\\/nueveochentayuno.com\\\/#breadcrumb\"},\"inLanguage\":\"en-GB\",\"potentialAction\":[{\"@type\":\"ReadAction\",\"target\":[\"https:\\\/\\\/nueveochentayuno.com\\\/\"]}]},{\"@type\":\"ImageObject\",\"inLanguage\":\"en-GB\",\"@id\":\"https:\\\/\\\/nueveochentayuno.com\\\/#primaryimage\",\"url\":\"https:\\\/\\\/nueveochentayuno.com\\\/wp-content\\\/uploads\\\/2025\\\/09\\\/VNS58-1-Alejandra-Martinez-768x1024.jpg\",\"contentUrl\":\"https:\\\/\\\/nueveochentayuno.com\\\/wp-content\\\/uploads\\\/2025\\\/09\\\/VNS58-1-Alejandra-Martinez-768x1024.jpg\"},{\"@type\":\"BreadcrumbList\",\"@id\":\"https:\\\/\\\/nueveochentayuno.com\\\/#breadcrumb\",\"itemListElement\":[{\"@type\":\"ListItem\",\"position\":1,\"name\":\"Portada\",\"item\":\"https:\\\/\\\/nueveochentayuno.com\\\/\"},{\"@type\":\"ListItem\",\"position\":2,\"name\":\"Inicio\"}]},{\"@type\":\"WebSite\",\"@id\":\"https:\\\/\\\/nueveochentayuno.com\\\/#website\",\"url\":\"https:\\\/\\\/nueveochentayuno.com\\\/\",\"name\":\"Nueveochentayuno Estudio\",\"description\":\"Estudio de cer\u00e1mica\",\"publisher\":{\"@id\":\"https:\\\/\\\/nueveochentayuno.com\\\/#organization\"},\"potentialAction\":[{\"@type\":\"SearchAction\",\"target\":{\"@type\":\"EntryPoint\",\"urlTemplate\":\"https:\\\/\\\/nueveochentayuno.com\\\/?s={search_term_string}\"},\"query-input\":{\"@type\":\"PropertyValueSpecification\",\"valueRequired\":true,\"valueName\":\"search_term_string\"}}],\"inLanguage\":\"en-GB\"},{\"@type\":\"Organization\",\"@id\":\"https:\\\/\\\/nueveochentayuno.com\\\/#organization\",\"name\":\"Nueveochentayuno Estudio\",\"url\":\"https:\\\/\\\/nueveochentayuno.com\\\/\",\"logo\":{\"@type\":\"ImageObject\",\"inLanguage\":\"en-GB\",\"@id\":\"https:\\\/\\\/nueveochentayuno.com\\\/#\\\/schema\\\/logo\\\/image\\\/\",\"url\":\"https:\\\/\\\/nueveochentayuno.com\\\/wp-content\\\/uploads\\\/2025\\\/09\\\/cropped-cropped-cropped-Imagen-de-WhatsApp-2024-10-22-a-las-12.54.20_e85df4b0.jpg\",\"contentUrl\":\"https:\\\/\\\/nueveochentayuno.com\\\/wp-content\\\/uploads\\\/2025\\\/09\\\/cropped-cropped-cropped-Imagen-de-WhatsApp-2024-10-22-a-las-12.54.20_e85df4b0.jpg\",\"width\":685,\"height\":1188,\"caption\":\"Nueveochentayuno Estudio\"},\"image\":{\"@id\":\"https:\\\/\\\/nueveochentayuno.com\\\/#\\\/schema\\\/logo\\\/image\\\/\"}}]}<\/script>\n<!-- \/ Yoast SEO plugin. -->","yoast_head_json":{"title":"Inicio - Nueveochentayuno Estudio","robots":{"index":"index","follow":"follow","max-snippet":"max-snippet:-1","max-image-preview":"max-image-preview:large","max-video-preview":"max-video-preview:-1"},"canonical":"https:\/\/nueveochentayuno.com\/en\/","og_locale":"en_GB","og_type":"article","og_title":"Inicio - Nueveochentayuno Estudio","og_description":"Piezas originales y exclusivas TIENDA ENCARGOS Bienvenidos a nueve81 estudio. Hola! Soy Alejandra. Vivo entre barro y cocciones desde ni\u00f1a! De forma profesional desde hace m\u00e1s de 20 a\u00f1os. Trabajo con un equipo de ceramistas apasionados por el oficio, con un firme compromiso en la creaci\u00f3n de piezas originales y exclusivas. Desde colecciones propias hasta [&hellip;]","og_url":"https:\/\/nueveochentayuno.com\/en\/","og_site_name":"Nueveochentayuno Estudio","article_modified_time":"2025-11-26T09:22:21+00:00","og_image":[{"width":1080,"height":1440,"url":"https:\/\/nueveochentayuno.com\/wp-content\/uploads\/2025\/09\/VNS58-1-Alejandra-Martinez.jpg","type":"image\/jpeg"}],"twitter_card":"summary_large_image","twitter_misc":{"Estimated reading time":"1 minute"},"schema":{"@context":"https:\/\/schema.org","@graph":[{"@type":"WebPage","@id":"https:\/\/nueveochentayuno.com\/","url":"https:\/\/nueveochentayuno.com\/","name":"Inicio - Nueveochentayuno Estudio","isPartOf":{"@id":"https:\/\/nueveochentayuno.com\/#website"},"primaryImageOfPage":{"@id":"https:\/\/nueveochentayuno.com\/#primaryimage"},"image":{"@id":"https:\/\/nueveochentayuno.com\/#primaryimage"},"thumbnailUrl":"https:\/\/nueveochentayuno.com\/wp-content\/uploads\/2025\/09\/VNS58-1-Alejandra-Martinez-768x1024.jpg","datePublished":"2025-09-22T15:55:31+00:00","dateModified":"2025-11-26T09:22:21+00:00","breadcrumb":{"@id":"https:\/\/nueveochentayuno.com\/#breadcrumb"},"inLanguage":"en-GB","potentialAction":[{"@type":"ReadAction","target":["https:\/\/nueveochentayuno.com\/"]}]},{"@type":"ImageObject","inLanguage":"en-GB","@id":"https:\/\/nueveochentayuno.com\/#primaryimage","url":"https:\/\/nueveochentayuno.com\/wp-content\/uploads\/2025\/09\/VNS58-1-Alejandra-Martinez-768x1024.jpg","contentUrl":"https:\/\/nueveochentayuno.com\/wp-content\/uploads\/2025\/09\/VNS58-1-Alejandra-Martinez-768x1024.jpg"},{"@type":"BreadcrumbList","@id":"https:\/\/nueveochentayuno.com\/#breadcrumb","itemListElement":[{"@type":"ListItem","position":1,"name":"Portada","item":"https:\/\/nueveochentayuno.com\/"},{"@type":"ListItem","position":2,"name":"Inicio"}]},{"@type":"WebSite","@id":"https:\/\/nueveochentayuno.com\/#website","url":"https:\/\/nueveochentayuno.com\/","name":"Nueveochentayuno Estudio","description":"Estudio de cer\u00e1mica","publisher":{"@id":"https:\/\/nueveochentayuno.com\/#organization"},"potentialAction":[{"@type":"SearchAction","target":{"@type":"EntryPoint","urlTemplate":"https:\/\/nueveochentayuno.com\/?s={search_term_string}"},"query-input":{"@type":"PropertyValueSpecification","valueRequired":true,"valueName":"search_term_string"}}],"inLanguage":"en-GB"},{"@type":"Organization","@id":"https:\/\/nueveochentayuno.com\/#organization","name":"Nueveochentayuno Estudio","url":"https:\/\/nueveochentayuno.com\/","logo":{"@type":"ImageObject","inLanguage":"en-GB","@id":"https:\/\/nueveochentayuno.com\/#\/schema\/logo\/image\/","url":"https:\/\/nueveochentayuno.com\/wp-content\/uploads\/2025\/09\/cropped-cropped-cropped-Imagen-de-WhatsApp-2024-10-22-a-las-12.54.20_e85df4b0.jpg","contentUrl":"https:\/\/nueveochentayuno.com\/wp-content\/uploads\/2025\/09\/cropped-cropped-cropped-Imagen-de-WhatsApp-2024-10-22-a-las-12.54.20_e85df4b0.jpg","width":685,"height":1188,"caption":"Nueveochentayuno Estudio"},"image":{"@id":"https:\/\/nueveochentayuno.com\/#\/schema\/logo\/image\/"}}]}},"_links":{"self":[{"href":"https:\/\/nueveochentayuno.com\/en\/wp-json\/wp\/v2\/pages\/20","targetHints":{"allow":["GET"]}}],"collection":[{"href":"https:\/\/nueveochentayuno.com\/en\/wp-json\/wp\/v2\/pages"}],"about":[{"href":"https:\/\/nueveochentayuno.com\/en\/wp-json\/wp\/v2\/types\/page"}],"author":[{"embeddable":true,"href":"https:\/\/nueveochentayuno.com\/en\/wp-json\/wp\/v2\/users\/1"}],"replies":[{"embeddable":true,"href":"https:\/\/nueveochentayuno.com\/en\/wp-json\/wp\/v2\/comments?post=20"}],"version-history":[{"count":79,"href":"https:\/\/nueveochentayuno.com\/en\/wp-json\/wp\/v2\/pages\/20\/revisions"}],"predecessor-version":[{"id":2827,"href":"https:\/\/nueveochentayuno.com\/en\/wp-json\/wp\/v2\/pages\/20\/revisions\/2827"}],"wp:attachment":[{"href":"https:\/\/nueveochentayuno.com\/en\/wp-json\/wp\/v2\/media?parent=20"}],"curies":[{"name":"wp","href":"https:\/\/api.w.org\/{rel}","templated":true}]}}